{"id":125,"date":"2025-03-08T04:58:57","date_gmt":"2025-03-08T04:58:57","guid":{"rendered":"https:\/\/film-ca.org\/espace-membre\/?page_id=125"},"modified":"2025-03-11T17:36:06","modified_gmt":"2025-03-11T17:36:06","slug":"phototheque","status":"publish","type":"page","link":"https:\/\/film-ca.org\/espace-membre\/phototheque\/","title":{"rendered":"Phototh\u00e8que"},"content":{"rendered":"\n<div class=\"wp-block-group alignfull has-foreground-background-color has-background has-global-padding is-layout-constrained wp-block-group-is-layout-constrained\" style=\"margin-top:0;margin-bottom:0;padding-top:0;padding-bottom:0\">\n<div class=\"wp-block-group alignwide has-global-padding is-layout-constrained wp-block-group-is-layout-constrained\" style=\"padding-top:var(--wp--preset--spacing--30);padding-bottom:var(--wp--preset--spacing--30)\">\n<h1 class=\"wp-block-heading alignwide has-background-color has-text-color\" style=\"font-size:clamp(0.875rem, 0.875rem + ((1vw - 0.2rem) * 0.625), 1.25rem);\">Phototh\u00e8que de la Chaudi\u00e8re-Appalaches<\/h1>\n<\/div>\n<\/div>\n\n\n\n<div class=\"wp-block-group alignfull has-background-background-color has-background has-global-padding is-layout-constrained wp-block-group-is-layout-constrained\" style=\"border-top-width:1px;margin-top:0;margin-bottom:0;padding-top:var(--wp--preset--spacing--60);padding-bottom:var(--wp--preset--spacing--60)\">\n<div class=\"wp-block-group alignwide is-vertical is-layout-flex wp-container-core-group-is-layout-fe9cc265 wp-block-group-is-layout-flex\">\n<div class=\"wp-block-group alignwide has-global-padding is-content-justification-left is-layout-constrained wp-container-core-group-is-layout-8b4c372c wp-block-group-is-layout-constrained\">\n<h2 class=\"wp-block-heading\">La Phototh\u00e8que de la<br>Chaudi\u00e8re-Appalaches<\/h2>\n<\/div>\n<\/div>\n\n\n\n<div class=\"wp-block-columns alignwide is-layout-flex wp-container-core-columns-is-layout-08c01c1c wp-block-columns-is-layout-flex\">\n<div class=\"wp-block-column is-layout-flow wp-container-core-column-is-layout-8a368f38 wp-block-column-is-layout-flow\" style=\"border-width:1px\">\n<figure class=\"wp-block-image size-full is-resized extendify-image-import\"><img loading=\"lazy\" decoding=\"async\" width=\"300\" height=\"300\" src=\"https:\/\/film-ca.org\/espace-membre\/wp-content\/uploads\/2025\/03\/2025_Proprietaire.png\" alt=\"\" class=\"wp-image-133\" style=\"aspect-ratio:1.3333333333333333;object-fit:cover;width:393px;height:auto\" srcset=\"https:\/\/film-ca.org\/espace-membre\/wp-content\/uploads\/2025\/03\/2025_Proprietaire.png 300w, https:\/\/film-ca.org\/espace-membre\/wp-content\/uploads\/2025\/03\/2025_Proprietaire-150x150.png 150w\" sizes=\"auto, (max-width: 300px) 100vw, 300px\" \/><\/figure>\n\n\n\n<div class=\"wp-block-group has-global-padding is-layout-constrained wp-container-core-group-is-layout-c385debf wp-block-group-is-layout-constrained\" style=\"padding-top:var(--wp--preset--spacing--20);padding-right:var(--wp--preset--spacing--20);padding-bottom:var(--wp--preset--spacing--20);padding-left:var(--wp--preset--spacing--20)\">\n<h4 class=\"wp-block-heading has-small-font-size\" style=\"font-style:normal;font-weight:400\">Seuls les propri\u00e9taires et les gestionnaires peuvent nous proposer leurs propri\u00e9t\u00e9s pour d&#8217;\u00e9ventuels tournages.<\/h4>\n\n\n\n<h3 class=\"wp-block-heading has-medium-font-size\" style=\"margin-top:12px\"><a href=\"https:\/\/film-ca.org\/espace-membre\/inscription-phototheque\/\" title=\"Sugg\u00e9rer un lieu potentiel de tournage\">Sugg\u00e9rer un lieu potentiel de tournage<\/a><\/h3>\n<\/div>\n<\/div>\n\n\n\n<div class=\"wp-block-column is-layout-flow wp-container-core-column-is-layout-8a368f38 wp-block-column-is-layout-flow\" style=\"border-width:1px\">\n<figure class=\"wp-block-image size-full extendify-image-import\"><img loading=\"lazy\" decoding=\"async\" width=\"1000\" height=\"700\" src=\"https:\/\/film-ca.org\/espace-membre\/wp-content\/uploads\/2025\/03\/Phototheque_logo_2021D.jpg\" alt=\"\" class=\"wp-image-117\" style=\"aspect-ratio:4\/3;object-fit:cover\" srcset=\"https:\/\/film-ca.org\/espace-membre\/wp-content\/uploads\/2025\/03\/Phototheque_logo_2021D.jpg 1000w, https:\/\/film-ca.org\/espace-membre\/wp-content\/uploads\/2025\/03\/Phototheque_logo_2021D-300x210.jpg 300w, https:\/\/film-ca.org\/espace-membre\/wp-content\/uploads\/2025\/03\/Phototheque_logo_2021D-768x538.jpg 768w\" sizes=\"auto, (max-width: 1000px) 100vw, 1000px\" \/><\/figure>\n\n\n\n<div class=\"wp-block-group has-global-padding is-layout-constrained wp-container-core-group-is-layout-c385debf wp-block-group-is-layout-constrained\" style=\"padding-top:var(--wp--preset--spacing--20);padding-right:var(--wp--preset--spacing--20);padding-bottom:var(--wp--preset--spacing--20);padding-left:var(--wp--preset--spacing--20)\">\n<h4 class=\"wp-block-heading has-small-font-size\" style=\"font-style:normal;font-weight:400\"><\/h4>\n\n\n\n<h3 class=\"wp-block-heading has-medium-font-size\" style=\"margin-top:12px\"><\/h3>\n<\/div>\n<\/div>\n\n\n\n<div class=\"wp-block-column is-layout-flow wp-container-core-column-is-layout-8a368f38 wp-block-column-is-layout-flow\" style=\"border-width:1px\">\n<figure class=\"wp-block-image size-full is-resized extendify-image-import\"><img loading=\"lazy\" decoding=\"async\" width=\"300\" height=\"300\" src=\"https:\/\/film-ca.org\/espace-membre\/wp-content\/uploads\/2025\/03\/2025_Production.png\" alt=\"\" class=\"wp-image-135\" style=\"aspect-ratio:1.3333333333333333;object-fit:cover;width:393px;height:auto\" srcset=\"https:\/\/film-ca.org\/espace-membre\/wp-content\/uploads\/2025\/03\/2025_Production.png 300w, https:\/\/film-ca.org\/espace-membre\/wp-content\/uploads\/2025\/03\/2025_Production-150x150.png 150w\" sizes=\"auto, (max-width: 300px) 100vw, 300px\" \/><\/figure>\n\n\n\n<div class=\"wp-block-group has-global-padding is-layout-constrained wp-container-core-group-is-layout-c385debf wp-block-group-is-layout-constrained\" style=\"padding-top:var(--wp--preset--spacing--20);padding-right:var(--wp--preset--spacing--20);padding-bottom:var(--wp--preset--spacing--20);padding-left:var(--wp--preset--spacing--20)\">\n<h4 class=\"wp-block-heading has-small-font-size\" style=\"font-style:normal;font-weight:400\">Les \u00e9quipes de production \u00e0&nbsp;la recherche de lieux potentiels de tournages peuvent consulter notre phototh\u00e8que gratuitement.<\/h4>\n\n\n\n<h3 class=\"wp-block-heading has-medium-font-size\" style=\"margin-top:12px\"><a href=\"https:\/\/film-ca.org\/espace-membre\/lieux\/\" title=\"Consulter la Phototh\u00e8que\">Consulter la Phototh\u00e8que<\/a><\/h3>\n<\/div>\n<\/div>\n<\/div>\n<\/div>\n","protected":false},"excerpt":{"rendered":"<p>Phototh\u00e8que de la Chaudi\u00e8re-Appalaches La Phototh\u00e8que de laChaudi\u00e8re-Appalaches Seuls les propri\u00e9taires et les gestionnaires peuvent nous proposer leurs propri\u00e9t\u00e9s pour d&#8217;\u00e9ventuels tournages. Sugg\u00e9rer un lieu potentiel de tournage Les \u00e9quipes de production \u00e0&nbsp;la recherche de lieux potentiels de tournages peuvent consulter notre phototh\u00e8que gratuitement. Consulter la Phototh\u00e8que<\/p>\n","protected":false},"author":1,"featured_media":0,"parent":0,"menu_order":0,"comment_status":"closed","ping_status":"closed","template":"","meta":{"footnotes":""},"class_list":["post-125","page","type-page","status-publish","hentry"],"_links":{"self":[{"href":"https:\/\/film-ca.org\/espace-membre\/wp-json\/wp\/v2\/pages\/125","targetHints":{"allow":["GET"]}}],"collection":[{"href":"https:\/\/film-ca.org\/espace-membre\/wp-json\/wp\/v2\/pages"}],"about":[{"href":"https:\/\/film-ca.org\/espace-membre\/wp-json\/wp\/v2\/types\/page"}],"author":[{"embeddable":true,"href":"https:\/\/film-ca.org\/espace-membre\/wp-json\/wp\/v2\/users\/1"}],"replies":[{"embeddable":true,"href":"https:\/\/film-ca.org\/espace-membre\/wp-json\/wp\/v2\/comments?post=125"}],"version-history":[{"count":16,"href":"https:\/\/film-ca.org\/espace-membre\/wp-json\/wp\/v2\/pages\/125\/revisions"}],"predecessor-version":[{"id":386,"href":"https:\/\/film-ca.org\/espace-membre\/wp-json\/wp\/v2\/pages\/125\/revisions\/386"}],"wp:attachment":[{"href":"https:\/\/film-ca.org\/espace-membre\/wp-json\/wp\/v2\/media?parent=125"}],"curies":[{"name":"wp","href":"https:\/\/api.w.org\/{rel}","templated":true}]}}