{"id":156,"date":"2025-03-08T05:31:27","date_gmt":"2025-03-08T05:31:27","guid":{"rendered":"https:\/\/film-ca.org\/espace-membre\/?page_id=156"},"modified":"2025-03-11T01:53:59","modified_gmt":"2025-03-11T01:53:59","slug":"cine-ressources","status":"publish","type":"page","link":"https:\/\/film-ca.org\/espace-membre\/cine-ressources\/","title":{"rendered":"Cin\u00e9-Ressources"},"content":{"rendered":"\n<div class=\"wp-block-group alignfull has-foreground-background-color has-background has-global-padding is-layout-constrained wp-block-group-is-layout-constrained\" style=\"margin-top:0;margin-bottom:0;padding-top:0;padding-bottom:0\">\n<div class=\"wp-block-group alignwide has-global-padding is-layout-constrained wp-block-group-is-layout-constrained\" style=\"padding-top:var(--wp--preset--spacing--30);padding-bottom:var(--wp--preset--spacing--30)\">\n<h1 class=\"wp-block-heading alignwide has-background-color has-text-color\" style=\"font-size:clamp(0.875rem, 0.875rem + ((1vw - 0.2rem) * 0.625), 1.25rem);\">Cin\u00e9-Ressources de la Chaudi\u00e8re-Appalaches<\/h1>\n<\/div>\n<\/div>\n\n\n\n<div class=\"wp-block-group alignfull has-background-background-color has-background has-global-padding is-layout-constrained wp-block-group-is-layout-constrained\" style=\"border-top-width:1px;margin-top:0;margin-bottom:0;padding-top:var(--wp--preset--spacing--60);padding-bottom:var(--wp--preset--spacing--60)\">\n<div class=\"wp-block-group alignwide is-vertical is-layout-flex wp-container-core-group-is-layout-fe9cc265 wp-block-group-is-layout-flex\">\n<div class=\"wp-block-group alignwide has-global-padding is-content-justification-left is-layout-constrained wp-container-core-group-is-layout-8b4c372c wp-block-group-is-layout-constrained\">\n<h2 class=\"wp-block-heading\">Vos productions ont besoin de ressources humaines et mat\u00e9rielles<\/h2>\n\n\n\n<p style=\"margin-top:16px\">Cette section vous permet de vous inscrire ou de consulter notre catalogue.<\/p>\n<\/div>\n<\/div>\n\n\n\n<div class=\"wp-block-columns alignwide is-layout-flex wp-container-core-columns-is-layout-08c01c1c wp-block-columns-is-layout-flex\">\n<div class=\"wp-block-column is-layout-flow wp-container-core-column-is-layout-8a368f38 wp-block-column-is-layout-flow\" style=\"border-width:1px\">\n<figure class=\"wp-block-image size-full extendify-image-import\"><img loading=\"lazy\" decoding=\"async\" width=\"300\" height=\"300\" src=\"https:\/\/film-ca.org\/espace-membre\/wp-content\/uploads\/2025\/03\/2025_Inscription.png\" alt=\"\" class=\"wp-image-157\" style=\"aspect-ratio:4\/3;object-fit:cover\" srcset=\"https:\/\/film-ca.org\/espace-membre\/wp-content\/uploads\/2025\/03\/2025_Inscription.png 300w, https:\/\/film-ca.org\/espace-membre\/wp-content\/uploads\/2025\/03\/2025_Inscription-150x150.png 150w\" sizes=\"auto, (max-width: 300px) 100vw, 300px\" \/><\/figure>\n\n\n\n<div class=\"wp-block-group has-global-padding is-layout-constrained wp-container-core-group-is-layout-c385debf wp-block-group-is-layout-constrained\" style=\"padding-top:var(--wp--preset--spacing--20);padding-right:var(--wp--preset--spacing--20);padding-bottom:var(--wp--preset--spacing--20);padding-left:var(--wp--preset--spacing--20)\">\n<h4 class=\"wp-block-heading has-small-font-size\" style=\"font-style:normal;font-weight:400\">Tous les fournisseurs de ressources humaines et mat\u00e9rielles peuvent nous proposer de les ajouter \u00e0 notre catalogue.<\/h4>\n\n\n\n<h3 class=\"wp-block-heading has-medium-font-size\" style=\"margin-top:12px\"><a href=\"https:\/\/film-ca.org\/espace-membre\/construction\/\" title=\"Inscription \u00e0 Cin\u00e9-Ressources\">Inscription \u00e0 Cin\u00e9-Ressources<\/a><\/h3>\n<\/div>\n<\/div>\n\n\n\n<div class=\"wp-block-column is-layout-flow wp-container-core-column-is-layout-8a368f38 wp-block-column-is-layout-flow\" style=\"border-width:1px\">\n<figure class=\"wp-block-image size-full extendify-image-import\"><img loading=\"lazy\" decoding=\"async\" width=\"933\" height=\"700\" src=\"https:\/\/film-ca.org\/espace-membre\/wp-content\/uploads\/2025\/03\/Cine-Ressources_logo_2021D-1-edited.jpg\" alt=\"\" class=\"wp-image-160\" style=\"aspect-ratio:4\/3;object-fit:cover\" srcset=\"https:\/\/film-ca.org\/espace-membre\/wp-content\/uploads\/2025\/03\/Cine-Ressources_logo_2021D-1-edited.jpg 933w, https:\/\/film-ca.org\/espace-membre\/wp-content\/uploads\/2025\/03\/Cine-Ressources_logo_2021D-1-edited-300x225.jpg 300w, https:\/\/film-ca.org\/espace-membre\/wp-content\/uploads\/2025\/03\/Cine-Ressources_logo_2021D-1-edited-768x576.jpg 768w\" sizes=\"auto, (max-width: 933px) 100vw, 933px\" \/><\/figure>\n\n\n\n<div class=\"wp-block-group has-global-padding is-layout-constrained wp-container-core-group-is-layout-c385debf wp-block-group-is-layout-constrained\" style=\"padding-top:var(--wp--preset--spacing--20);padding-right:var(--wp--preset--spacing--20);padding-bottom:var(--wp--preset--spacing--20);padding-left:var(--wp--preset--spacing--20)\">\n<h4 class=\"wp-block-heading has-small-font-size\" style=\"font-style:normal;font-weight:400\"><\/h4>\n\n\n\n<h3 class=\"wp-block-heading has-medium-font-size\" style=\"margin-top:12px\"><\/h3>\n<\/div>\n<\/div>\n\n\n\n<div class=\"wp-block-column is-layout-flow wp-container-core-column-is-layout-8a368f38 wp-block-column-is-layout-flow\" style=\"border-width:1px\">\n<figure class=\"wp-block-image size-full extendify-image-import\"><img loading=\"lazy\" decoding=\"async\" width=\"300\" height=\"300\" src=\"https:\/\/film-ca.org\/espace-membre\/wp-content\/uploads\/2025\/03\/2025_Production.png\" alt=\"\" class=\"wp-image-135\" style=\"aspect-ratio:4\/3;object-fit:cover\" srcset=\"https:\/\/film-ca.org\/espace-membre\/wp-content\/uploads\/2025\/03\/2025_Production.png 300w, https:\/\/film-ca.org\/espace-membre\/wp-content\/uploads\/2025\/03\/2025_Production-150x150.png 150w\" sizes=\"auto, (max-width: 300px) 100vw, 300px\" \/><\/figure>\n\n\n\n<div class=\"wp-block-group has-global-padding is-layout-constrained wp-container-core-group-is-layout-c385debf wp-block-group-is-layout-constrained\" style=\"padding-top:var(--wp--preset--spacing--20);padding-right:var(--wp--preset--spacing--20);padding-bottom:var(--wp--preset--spacing--20);padding-left:var(--wp--preset--spacing--20)\">\n<h4 class=\"wp-block-heading has-small-font-size\" style=\"font-style:normal;font-weight:400\">Les \u00e9quipes de production \u00e0&nbsp;la recherche de ressources de tournages peuvent consulter gratuitement notre catalogue.<\/h4>\n\n\n\n<h3 class=\"wp-block-heading has-medium-font-size\" style=\"margin-top:12px\"><a href=\"https:\/\/film-ca.org\/espace-membre\/ressources\/\" title=\"Consulter Cin\u00e9-Ressources\">Consulter Cin\u00e9-Ressources<\/a><\/h3>\n<\/div>\n<\/div>\n<\/div>\n<\/div>\n","protected":false},"excerpt":{"rendered":"<p>Cin\u00e9-Ressources de la Chaudi\u00e8re-Appalaches Vos productions ont besoin de ressources humaines et mat\u00e9rielles Cette section vous permet de vous inscrire ou de consulter notre catalogue. Tous les fournisseurs de ressources humaines et mat\u00e9rielles peuvent nous proposer de les ajouter \u00e0 notre catalogue. Inscription \u00e0 Cin\u00e9-Ressources Les \u00e9quipes de production \u00e0&nbsp;la recherche de ressources de tournages [&hellip;]<\/p>\n","protected":false},"author":1,"featured_media":0,"parent":0,"menu_order":0,"comment_status":"closed","ping_status":"closed","template":"","meta":{"footnotes":""},"class_list":["post-156","page","type-page","status-publish","hentry"],"_links":{"self":[{"href":"https:\/\/film-ca.org\/espace-membre\/wp-json\/wp\/v2\/pages\/156","targetHints":{"allow":["GET"]}}],"collection":[{"href":"https:\/\/film-ca.org\/espace-membre\/wp-json\/wp\/v2\/pages"}],"about":[{"href":"https:\/\/film-ca.org\/espace-membre\/wp-json\/wp\/v2\/types\/page"}],"author":[{"embeddable":true,"href":"https:\/\/film-ca.org\/espace-membre\/wp-json\/wp\/v2\/users\/1"}],"replies":[{"embeddable":true,"href":"https:\/\/film-ca.org\/espace-membre\/wp-json\/wp\/v2\/comments?post=156"}],"version-history":[{"count":12,"href":"https:\/\/film-ca.org\/espace-membre\/wp-json\/wp\/v2\/pages\/156\/revisions"}],"predecessor-version":[{"id":376,"href":"https:\/\/film-ca.org\/espace-membre\/wp-json\/wp\/v2\/pages\/156\/revisions\/376"}],"wp:attachment":[{"href":"https:\/\/film-ca.org\/espace-membre\/wp-json\/wp\/v2\/media?parent=156"}],"curies":[{"name":"wp","href":"https:\/\/api.w.org\/{rel}","templated":true}]}}