{"id":201,"date":"2025-03-08T19:12:55","date_gmt":"2025-03-08T19:12:55","guid":{"rendered":"https:\/\/film-ca.org\/espace-membre\/?page_id=201"},"modified":"2025-04-11T01:34:06","modified_gmt":"2025-04-11T01:34:06","slug":"avantages-membre","status":"publish","type":"page","link":"https:\/\/film-ca.org\/espace-membre\/avantages-membre\/","title":{"rendered":"Avantages-membre"},"content":{"rendered":"\n<div class=\"wp-block-group alignfull has-foreground-background-color has-background has-global-padding is-layout-constrained wp-block-group-is-layout-constrained\" style=\"margin-top:0;margin-bottom:0;padding-top:0;padding-bottom:0\">\n<div class=\"wp-block-group alignwide has-global-padding is-layout-constrained wp-block-group-is-layout-constrained\" style=\"padding-top:var(--wp--preset--spacing--30);padding-bottom:var(--wp--preset--spacing--30)\">\n<h1 class=\"wp-block-heading alignwide has-background-color has-text-color\" style=\"font-size:clamp(0.875rem, 0.875rem + ((1vw - 0.2rem) * 0.625), 1.25rem);\">Avantages du membre<\/h1>\n<\/div>\n<\/div>\n\n\n\n<div class=\"wp-block-group alignfull has-background-background-color has-background has-global-padding is-layout-constrained wp-block-group-is-layout-constrained\" style=\"border-top-width:1px;margin-top:0;margin-bottom:0;padding-top:var(--wp--preset--spacing--60);padding-bottom:var(--wp--preset--spacing--60)\">\n<div class=\"wp-block-group alignwide is-vertical is-layout-flex wp-container-core-group-is-layout-fe9cc265 wp-block-group-is-layout-flex\">\n<div class=\"wp-block-group alignwide has-global-padding is-content-justification-left is-layout-constrained wp-container-core-group-is-layout-8b4c372c wp-block-group-is-layout-constrained\">\n<h3 class=\"wp-block-heading\">Des avantages selon la cat\u00e9gorie de membre<\/h3>\n\n\n\n<p style=\"margin-top:16px\">\u00c9tant un organisme \u00e0 but non lucratif, nous offrons nos services en PRIORIT\u00c9 \u00c0 NOS MEMBRES. Vous devez avoir un NUM\u00c9RO DE MEMBRE, pour acc\u00e9der \u00e0 nos services. <\/p>\n\n\n\n<p style=\"margin-top:16px\">En devenant membre&nbsp;de FILM CHAUDI\u00c8RE-APPALACHES, vous \u00eates automatiquement inclus dans ses 3 divisons. Nos 3 divisions \u00e9tant le BCTCA &#8211; Bureau du cin\u00e9ma et de la t\u00e9l\u00e9vision de la Chaudi\u00e8re-Appalaches, la Phototh\u00e8que de Film Chaudi\u00e8re-Appalaches et Cin\u00e9-Ressources de Film Chaudi\u00e8re-Appalaches.<\/p>\n\n\n\n<p style=\"margin-top:16px\">Voici la liste des avantages du membre, par cat\u00e9gorie. Les droits des membres sont valides uniquement pour les membres en r\u00e8gle, dont la cotisation annuelle est \u00e0 jour. <\/p>\n<\/div>\n<\/div>\n\n\n\n<div class=\"wp-block-group alignwide has-global-padding is-layout-constrained wp-block-group-is-layout-constrained\">\n<div class=\"wp-block-columns alignwide is-layout-flex wp-container-core-columns-is-layout-87beb0d0 wp-block-columns-is-layout-flex\">\n<div class=\"wp-block-column is-layout-flow wp-block-column-is-layout-flow\" style=\"border-width:1px;padding-top:var(--wp--preset--spacing--30);padding-right:var(--wp--preset--spacing--30);padding-bottom:var(--wp--preset--spacing--30);padding-left:var(--wp--preset--spacing--30)\">\n<div class=\"wp-block-group is-content-justification-space-between is-nowrap is-layout-flex wp-container-core-group-is-layout-cb46ffcb wp-block-group-is-layout-flex\">\n<h3 class=\"wp-block-heading\" style=\"font-size:clamp(14px, 0.875rem + ((1vw - 3.2px) * 0.625), 20px);line-height:1.5\">Membre Ami<\/h3>\n\n\n\n<h3 class=\"wp-block-heading\" style=\"font-size:clamp(14px, 0.875rem + ((1vw - 3.2px) * 0.625), 20px);line-height:1.5\">Gratuit<\/h3>\n<\/div>\n\n\n\n<p class=\"has-small-font-size\" style=\"margin-top:12px\"><strong>Inscription<br><\/strong>D\u00e9lais de traitements: 10 jours ouvrables.<br>R\u00e9f\u00e9rencement: apr\u00e8s toutes les autres cat\u00e9gories de membre.<br>Ajout au catalogue: une seule cat\u00e9gorie.<br>Rehaussement: aucun.<br>En vedette en rotation: non. <\/p>\n\n\n\n<p class=\"has-small-font-size\" style=\"margin-top:12px\"><strong>Droit du membre<br><\/strong>Assembl\u00e9e des membres: pas d&#8217;invitation.<br>Droit de vote: aucun.<br>Faire partie des comit\u00e9s: non.<br>\u00c9lection des administrateurs: non.<br>Devenir administrateur: non. <\/p>\n\n\n\n<p class=\"has-small-font-size\" style=\"margin-top:12px\"><strong>Conf\u00e9rences<br><\/strong>En Chaudi\u00e8re-Appalaches: prix sur demande.<br>Ailleurs au Qu\u00e9bec: prix sur demande.<\/p>\n\n\n\n<p class=\"has-small-font-size\" style=\"margin-top:12px\"><strong>Projets de productions<br><\/strong>Budget annuel du membre: aucun.<br>Nombre de dossiers trait\u00e9s: aucun.<br>Nombre de demandes annuelles: aucun.<br>D\u00e9lais entre les demandes: sans objet.<br>Renseignements suppl\u00e9mentaires: sans objet.<br>Appuis aux autorisations: sans objet.<\/p>\n<\/div>\n\n\n\n<div class=\"wp-block-column is-layout-flow wp-block-column-is-layout-flow\" style=\"border-width:1px;padding-top:var(--wp--preset--spacing--30);padding-right:var(--wp--preset--spacing--30);padding-bottom:var(--wp--preset--spacing--30);padding-left:var(--wp--preset--spacing--30)\">\n<div class=\"wp-block-group is-content-justification-space-between is-nowrap is-layout-flex wp-container-core-group-is-layout-cb46ffcb wp-block-group-is-layout-flex\">\n<h3 class=\"wp-block-heading\" style=\"font-size:clamp(14px, 0.875rem + ((1vw - 3.2px) * 0.625), 20px);line-height:1.5\">Membre Rel\u00e8ve<\/h3>\n\n\n\n<h3 class=\"wp-block-heading\" style=\"font-size:clamp(14px, 0.875rem + ((1vw - 3.2px) * 0.625), 20px);line-height:1.5\">15 $<\/h3>\n<\/div>\n\n\n\n<p class=\"has-small-font-size\" style=\"margin-top:12px\"><strong>Inscription<\/strong><br>D\u00e9lais de traitements: 10 jours ouvrables.<br>R\u00e9f\u00e9rencement: apr\u00e8s les cat\u00e9gories sup\u00e9rieures.<br>Ajout au catalogue: une seule cat\u00e9gorie.<br>Rehaussement: aucun.<br>En vedette en rotation: non. <\/p>\n\n\n\n<p class=\"has-small-font-size\" style=\"margin-top:12px\"><strong>Droit du membre<\/strong><br>Assembl\u00e9e des membres: invitation.<br>Droit de vote: oui.<br>Faire partie des comit\u00e9s: oui.<br>\u00c9lection des administrateurs: oui.<br>Devenir administrateur: oui.<\/p>\n\n\n\n<p class=\"has-small-font-size\" style=\"margin-top:12px\"><strong>Conf\u00e9rences<br><\/strong>En Chaudi\u00e8re-Appalaches: prix sur demande.<br>Ailleurs au Qu\u00e9bec: prix sur demande.<\/p>\n\n\n\n<p class=\"has-small-font-size\" style=\"margin-top:12px\"><strong>Projets de productions<br><\/strong>Budget annuel du membre: 2000 $.<br>Nombre de dossiers trait\u00e9s: 1 par ann\u00e9e.<br>Nombre de demandes annuelles: 5 renseignements.<br>D\u00e9lais entre les demandes: 5 jours ouvrables.<br>Renseignements suppl\u00e9mentaires: 5 $ chaque.<br>Appuis aux autorisations: 1 lettre par ann\u00e9e.<\/p>\n<\/div>\n<\/div>\n\n\n\n<div class=\"wp-block-columns alignwide is-layout-flex wp-container-core-columns-is-layout-87beb0d0 wp-block-columns-is-layout-flex\">\n<div class=\"wp-block-column is-layout-flow wp-block-column-is-layout-flow\" style=\"border-width:1px;padding-top:var(--wp--preset--spacing--30);padding-right:var(--wp--preset--spacing--30);padding-bottom:var(--wp--preset--spacing--30);padding-left:var(--wp--preset--spacing--30)\">\n<div class=\"wp-block-group is-content-justification-space-between is-nowrap is-layout-flex wp-container-core-group-is-layout-cb46ffcb wp-block-group-is-layout-flex\">\n<h3 class=\"wp-block-heading\" style=\"font-size:clamp(14px, 0.875rem + ((1vw - 3.2px) * 0.625), 20px);line-height:1.5\">Membre R\u00e9gulier<\/h3>\n\n\n\n<h3 class=\"wp-block-heading\" style=\"font-size:clamp(14px, 0.875rem + ((1vw - 3.2px) * 0.625), 20px);line-height:1.5\">25 $<\/h3>\n<\/div>\n\n\n\n<p class=\"has-small-font-size\" style=\"margin-top:12px\"><strong>Inscription<\/strong><br>D\u00e9lais de traitements: 5 jours ouvrables.<br>R\u00e9f\u00e9rencement: apr\u00e8s les cat\u00e9gories sup\u00e9rieures.<br>Ajout au catalogue: une seule cat\u00e9gorie.<br>Rehaussement: aucun.<br>En vedette en rotation: oui. <\/p>\n\n\n\n<p class=\"has-small-font-size\" style=\"margin-top:12px\"><strong>Droit du membre<\/strong><br>Assembl\u00e9e des membres: invitation.<br>Droit de vote: oui.<br>Faire partie des comit\u00e9s: oui.<br>\u00c9lection des administrateurs: oui.<br>Devenir administrateur: oui.<\/p>\n\n\n\n<p class=\"has-small-font-size\" style=\"margin-top:12px\"><strong>Conf\u00e9rences<br><\/strong>En Chaudi\u00e8re-Appalaches: prix sur demande.<br>Ailleurs au Qu\u00e9bec: prix sur demande.<\/p>\n\n\n\n<p class=\"has-small-font-size\" style=\"margin-top:12px\"><strong>Projets de productions<br><\/strong>Budget annuel du membre: 20 000 $.<br>Nombre de dossiers trait\u00e9s: 1 par ann\u00e9e.<br>Nombre de demandes annuelles: 10 renseignements.<br>D\u00e9lais entre les demandes: 5 jours ouvrables.<br>Renseignements suppl\u00e9mentaires: 5 $ chaque.<br>Appuis aux autorisations: 1 projet par ann\u00e9e.<\/p>\n<\/div>\n\n\n\n<div class=\"wp-block-column is-layout-flow wp-block-column-is-layout-flow\" style=\"border-width:1px;padding-top:var(--wp--preset--spacing--30);padding-right:var(--wp--preset--spacing--30);padding-bottom:var(--wp--preset--spacing--30);padding-left:var(--wp--preset--spacing--30)\">\n<div class=\"wp-block-group is-content-justification-space-between is-nowrap is-layout-flex wp-container-core-group-is-layout-cb46ffcb wp-block-group-is-layout-flex\">\n<h3 class=\"wp-block-heading\" style=\"font-size:clamp(14px, 0.875rem + ((1vw - 3.2px) * 0.625), 20px);line-height:1.5\">Membre Alli\u00e9<\/h3>\n\n\n\n<h3 class=\"wp-block-heading\" style=\"font-size:clamp(14px, 0.875rem + ((1vw - 3.2px) * 0.625), 20px);line-height:1.5\">75 $<\/h3>\n<\/div>\n\n\n\n<p class=\"has-small-font-size\" style=\"margin-top:12px\"><strong>Inscription<\/strong><br>D\u00e9lais de traitements: 5 jours ouvrables.<br>R\u00e9f\u00e9rencement: prioritaire.<br>Ajout au catalogue: deux cat\u00e9gories.<br>Rehaussement: description en gras.<br>En vedette en rotation: oui. <\/p>\n\n\n\n<p class=\"has-small-font-size\" style=\"margin-top:12px\"><strong>Droit du membre<\/strong><br>Assembl\u00e9e des membres: invitation.<br>Droit de vote: oui.<br>Faire partie des comit\u00e9s: oui.<br>\u00c9lection des administrateurs: oui.<br>Devenir administrateur: oui.<\/p>\n\n\n\n<p class=\"has-small-font-size\" style=\"margin-top:12px\"><strong>Conf\u00e9rences<br><\/strong>En Chaudi\u00e8re-Appalaches: prix sur demande.<br>Ailleurs au Qu\u00e9bec: prix sur demande.<\/p>\n\n\n\n<p class=\"has-small-font-size\" style=\"margin-top:12px\"><strong>Projets de productions<br><\/strong>Budget annuel du membre: 100 000 $.<br>Nombre de dossiers trait\u00e9s: 2 par ann\u00e9e.<br>Nombre de demandes annuelles: 20 renseignements.<br>D\u00e9lais entre les demandes: 5 jours ouvrables.<br>Renseignements suppl\u00e9mentaires: 5 $ chaque.<br>Appuis aux autorisations: 2 projets par ann\u00e9e.<\/p>\n<\/div>\n<\/div>\n\n\n\n<div class=\"wp-block-columns alignwide is-layout-flex wp-container-core-columns-is-layout-87beb0d0 wp-block-columns-is-layout-flex\">\n<div class=\"wp-block-column is-layout-flow wp-block-column-is-layout-flow\" style=\"border-width:1px;padding-top:var(--wp--preset--spacing--30);padding-right:var(--wp--preset--spacing--30);padding-bottom:var(--wp--preset--spacing--30);padding-left:var(--wp--preset--spacing--30)\">\n<div class=\"wp-block-group is-content-justification-space-between is-nowrap is-layout-flex wp-container-core-group-is-layout-cb46ffcb wp-block-group-is-layout-flex\">\n<h3 class=\"wp-block-heading\" style=\"font-size:clamp(14px, 0.875rem + ((1vw - 3.2px) * 0.625), 20px);line-height:1.5\">Membre Partenaire<\/h3>\n\n\n\n<h3 class=\"wp-block-heading\" style=\"font-size:clamp(14px, 0.875rem + ((1vw - 3.2px) * 0.625), 20px);line-height:1.5\">175 $<\/h3>\n<\/div>\n\n\n\n<p class=\"has-small-font-size\" style=\"margin-top:12px\"><strong>Inscription<\/strong><br>D\u00e9lais de traitements: 5 jours ouvrables.<br>R\u00e9f\u00e9rencement: prioritaire.<br>Ajout au catalogue: deux cat\u00e9gories.<br>Rehaussement: d\u00e9but de liste et description en gras.<br>En vedette en rotation: oui.<\/p>\n\n\n\n<p class=\"has-small-font-size\" style=\"margin-top:12px\"><strong>Droit du membre<\/strong><br>Assembl\u00e9e des membres: invitation.<br>Droit de vote: oui.<br>Faire partie des comit\u00e9s: oui.<br>\u00c9lection des administrateurs: oui.<br>Devenir administrateur: oui.<\/p>\n\n\n\n<p class=\"has-small-font-size\" style=\"margin-top:12px\"><strong>Conf\u00e9rences<br><\/strong>En Chaudi\u00e8re-Appalaches: maximum 1 par ann\u00e9e.<br>Ailleurs au Qu\u00e9bec: prix sur demande.<\/p>\n\n\n\n<p class=\"has-small-font-size\" style=\"margin-top:12px\"><strong>Projets de productions<br><\/strong>Budget annuel du membre: 500 000 $.<br>Nombre de dossiers trait\u00e9s: 3 par ann\u00e9e.<br>Nombre de demandes annuelles: 20 renseignements.<br>D\u00e9lais entre les demandes: 5 jours ouvrables.<br>Renseignements suppl\u00e9mentaires: 5 $ chaque.<br>Appuis aux autorisations: 2 projets par ann\u00e9e.<\/p>\n<\/div>\n\n\n\n<div class=\"wp-block-column is-layout-flow wp-block-column-is-layout-flow\" style=\"border-width:1px;padding-top:var(--wp--preset--spacing--30);padding-right:var(--wp--preset--spacing--30);padding-bottom:var(--wp--preset--spacing--30);padding-left:var(--wp--preset--spacing--30)\">\n<div class=\"wp-block-group is-content-justification-space-between is-nowrap is-layout-flex wp-container-core-group-is-layout-cb46ffcb wp-block-group-is-layout-flex\">\n<h3 class=\"wp-block-heading\" style=\"font-size:clamp(14px, 0.875rem + ((1vw - 3.2px) * 0.625), 20px);line-height:1.5\">Membre Prestige<\/h3>\n\n\n\n<h3 class=\"wp-block-heading\" style=\"font-size:clamp(14px, 0.875rem + ((1vw - 3.2px) * 0.625), 20px);line-height:1.5\">375 $<\/h3>\n<\/div>\n\n\n\n<p class=\"has-small-font-size\" style=\"margin-top:12px\"><strong>Inscription<\/strong><br>D\u00e9lais de traitements: 5 jours ouvrables.<br>R\u00e9f\u00e9rencement: prioritaire.<br>Ajout au catalogue: deux cat\u00e9gories.<br>Rehaussement: \u00e9norme visibilit\u00e9.<br>En vedette en rotation: oui.<\/p>\n\n\n\n<p class=\"has-small-font-size\" style=\"margin-top:12px\"><strong>Droit du membre<\/strong><br>Assembl\u00e9e des membres: invitation.<br>Droit de vote: oui.<br>Faire partie des comit\u00e9s: oui.<br>\u00c9lection des administrateurs: oui.<br>Devenir administrateur: oui.<\/p>\n\n\n\n<p class=\"has-small-font-size\" style=\"margin-top:12px\"><strong>Conf\u00e9rences<br><\/strong>En Chaudi\u00e8re-Appalaches: maximum 2 par ann\u00e9e.<br>Ailleurs au Qu\u00e9bec: prix sur demande.<\/p>\n\n\n\n<p class=\"has-small-font-size\" style=\"margin-top:12px\"><strong>Projets de productions<br><\/strong>Budget annuel du membre: 1 million et plus.<br>Nombre de dossiers trait\u00e9s: 5 par ann\u00e9e.<br>Nombre de demandes annuelles: 20 renseignements.<br>D\u00e9lais entre les demandes: 5 jours ouvrables.<br>Renseignements suppl\u00e9mentaires: 5 $ chaque.<br>Appuis aux autorisations: 2 projets par ann\u00e9e renseignements.<\/p>\n<\/div>\n<\/div>\n<\/div>\n<\/div>\n\n\n\n<div class=\"wp-block-group alignfull has-background-background-color has-background has-global-padding is-layout-constrained wp-block-group-is-layout-constrained\" style=\"border-top-width:1px;margin-top:0;margin-bottom:0;padding-top:var(--wp--preset--spacing--60);padding-bottom:var(--wp--preset--spacing--60)\">\n<div class=\"wp-block-group alignwide is-vertical is-layout-flex wp-container-core-group-is-layout-fe9cc265 wp-block-group-is-layout-flex\">\n<div class=\"wp-block-group alignwide has-global-padding is-content-justification-left is-layout-constrained wp-container-core-group-is-layout-8b4c372c wp-block-group-is-layout-constrained\">\n<h3 class=\"wp-block-heading\">1\u00e8re \u00e9tape: mise \u00e0 jour de votre statut de membre<\/h3>\n\n\n\n<p>Que ce soit pour ajouter votre propri\u00e9t\u00e9 \u00e0 notre catalogue, acc\u00e9der \u00e0 nos services d&#8217;aide aux productions ou pour vous inscrire comme ressources, vous DEVEZ commencer par la mise \u00e0 jour de statut de membre. Visitez la page d&#8217;<a href=\"https:\/\/film-ca.org\/espace-membre\/inscription\/\" data-type=\"page\" data-id=\"325\">INSCRIPTION<\/a>.<\/p>\n<\/div>\n<\/div>\n\n\n\n<div class=\"wp-block-group alignwide is-vertical is-layout-flex wp-container-core-group-is-layout-fe9cc265 wp-block-group-is-layout-flex\">\n<div class=\"wp-block-group alignwide has-global-padding is-content-justification-left is-layout-constrained wp-container-core-group-is-layout-8b4c372c wp-block-group-is-layout-constrained\">\n<h3 class=\"wp-block-heading\">2e \u00e9tape: acc\u00e8s \u00e0 l&#8217;Espace Membre<\/h3>\n\n\n\n<p>Une fois que vous aurez re\u00e7u un courriel confirmant votre statut, ainsi que votre NUM\u00c9RO DE MEMBRE, vous pourrez ajouter votre propri\u00e9t\u00e9 \u00e0 notre catalogue, acc\u00e9der \u00e0 nos services d&#8217;aide aux productions ou pour vous inscrire comme ressources. Le tout se fera dans votre <a href=\"https:\/\/film-ca.org\/espace-membre\/espace-membre\/\">ESPACE MEMBRE<\/a>.<\/p>\n<\/div>\n<\/div>\n<\/div>\n\n\n\n<p><\/p>\n","protected":false},"excerpt":{"rendered":"<p>Avantages du membre Des avantages selon la cat\u00e9gorie de membre \u00c9tant un organisme \u00e0 but non lucratif, nous offrons nos services en PRIORIT\u00c9 \u00c0 NOS MEMBRES. Vous devez avoir un NUM\u00c9RO DE MEMBRE, pour acc\u00e9der \u00e0 nos services. En devenant membre&nbsp;de FILM CHAUDI\u00c8RE-APPALACHES, vous \u00eates automatiquement inclus dans ses 3 divisons. Nos 3 divisions \u00e9tant [&hellip;]<\/p>\n","protected":false},"author":1,"featured_media":0,"parent":0,"menu_order":0,"comment_status":"closed","ping_status":"closed","template":"","meta":{"footnotes":""},"class_list":["post-201","page","type-page","status-publish","hentry"],"_links":{"self":[{"href":"https:\/\/film-ca.org\/espace-membre\/wp-json\/wp\/v2\/pages\/201","targetHints":{"allow":["GET"]}}],"collection":[{"href":"https:\/\/film-ca.org\/espace-membre\/wp-json\/wp\/v2\/pages"}],"about":[{"href":"https:\/\/film-ca.org\/espace-membre\/wp-json\/wp\/v2\/types\/page"}],"author":[{"embeddable":true,"href":"https:\/\/film-ca.org\/espace-membre\/wp-json\/wp\/v2\/users\/1"}],"replies":[{"embeddable":true,"href":"https:\/\/film-ca.org\/espace-membre\/wp-json\/wp\/v2\/comments?post=201"}],"version-history":[{"count":14,"href":"https:\/\/film-ca.org\/espace-membre\/wp-json\/wp\/v2\/pages\/201\/revisions"}],"predecessor-version":[{"id":406,"href":"https:\/\/film-ca.org\/espace-membre\/wp-json\/wp\/v2\/pages\/201\/revisions\/406"}],"wp:attachment":[{"href":"https:\/\/film-ca.org\/espace-membre\/wp-json\/wp\/v2\/media?parent=201"}],"curies":[{"name":"wp","href":"https:\/\/api.w.org\/{rel}","templated":true}]}}