{"id":29,"date":"2025-03-07T20:13:17","date_gmt":"2025-03-07T20:13:17","guid":{"rendered":"https:\/\/film-ca.org\/espace-membre\/contact\/"},"modified":"2025-03-10T23:09:36","modified_gmt":"2025-03-10T23:09:36","slug":"contact","status":"publish","type":"page","link":"https:\/\/film-ca.org\/espace-membre\/contact\/","title":{"rendered":"Contact"},"content":{"rendered":"\n<div class=\"wp-block-group alignfull has-foreground-background-color has-background has-global-padding is-layout-constrained wp-block-group-is-layout-constrained\" style=\"margin-top:0;margin-bottom:0;padding-top:0;padding-bottom:0\">\n<div class=\"wp-block-group alignwide has-global-padding is-layout-constrained wp-block-group-is-layout-constrained\" style=\"padding-top:var(--wp--preset--spacing--30);padding-bottom:var(--wp--preset--spacing--30)\">\n<h1 class=\"wp-block-heading alignwide has-background-color has-text-color\" style=\"font-size:clamp(0.875rem, 0.875rem + ((1vw - 0.2rem) * 0.625), 1.25rem);\">Contact<\/h1>\n<\/div>\n<\/div>\n\n\n\n<div class=\"wp-block-group alignfull has-tertiary-background-color has-background has-global-padding is-layout-constrained wp-block-group-is-layout-constrained\" id=\"contact\" style=\"margin-top:0;margin-bottom:0;padding-top:var(--wp--preset--spacing--60);padding-bottom:var(--wp--preset--spacing--60)\">\n<div class=\"wp-block-columns alignwide is-layout-flex wp-container-core-columns-is-layout-47c06fe3 wp-block-columns-is-layout-flex\">\n<div class=\"wp-block-column is-layout-flow wp-block-column-is-layout-flow\" style=\"flex-basis:50%\">\n<figure class=\"wp-block-image has-custom-border extendify-image-import\"><img decoding=\"async\" src=\"https:\/\/images.unsplash.com\/photo-1621701816825-b5abfadae6c3?ixid=M3w0MzUxNjF8MHwxfHNlYXJjaHwxOXx8ZmlsbSUyMHByb2R1Y3Rpb258ZW58MHx8fHwxNzM5Mjg0NTI1fDA&amp;ixlib=rb-4.0.3&amp;orientation=landscape?fit=crop&amp;crop=entropy%2Cfaces&amp;auto=format%2Ccompress\" alt=\"\" style=\"border-radius:1rem;aspect-ratio:3\/4;object-fit:cover\"\/><\/figure>\n<\/div>\n\n\n\n<div class=\"wp-block-column is-layout-flow wp-block-column-is-layout-flow\" style=\"flex-basis:50%\">\n<div class=\"wp-block-group has-global-padding is-layout-constrained wp-block-group-is-layout-constrained\" style=\"margin-bottom:var(--wp--preset--spacing--40)\">\n<h2 class=\"wp-block-heading has-large-font-size\">Des d\u00e9cors uniques qui subliment vos productions<\/h2>\n\n\n\n<p style=\"margin-top:1rem\">Avant de tenter de nous contacter, visitez la page &#8220;<a href=\"https:\/\/film-ca.org\/espace-membre\/faq\/\" title=\"Foire aux questions\">Foire aux questions<\/a>&#8220;. Contactez-nous via ce formulaire. Nous vous r\u00e9pondrons d\u00e8s que possible. <\/p>\n\n\n\n<center>\n    <iframe\n      id=\"JotFormIFrame-250687085707264\"\n      title=\"Contact - FILM-CA\"\n      onload=\"window.parent.scrollTo(0,0)\"\n      allowtransparency=\"true\"\n      allow=\"geolocation; microphone; camera; fullscreen\"\n      src=\"https:\/\/form.jotform.com\/250687085707264\"\n      frameborder=\"0\"\n      style=\"min-width:100%;max-width:100%;height:539px;border:none;\"\n      scrolling=\"no\"\n    >\n    <\/iframe>\n    <script src='https:\/\/cdn.jotfor.ms\/s\/umd\/latest\/for-form-embed-handler.js'><\/script>\n    <script>window.jotformEmbedHandler(\"iframe[id='JotFormIFrame-250687085707264']\", \"https:\/\/form.jotform.com\/\")<\/script>\n<\/center>\n    \n<\/div>\n<\/div>\n<\/div>\n<\/div>\n\n\n\n<div class=\"wp-block-group alignfull has-background-background-color has-background has-global-padding is-layout-constrained wp-container-core-group-is-layout-7276a2bb wp-block-group-is-layout-constrained\" style=\"margin-top:0;margin-bottom:0;padding-top:var(--wp--preset--spacing--60);padding-right:var(--wp--preset--spacing--30);padding-bottom:var(--wp--preset--spacing--60);padding-left:var(--wp--preset--spacing--30)\">\n<div class=\"wp-block-group alignwide has-tertiary-background-color has-background is-content-justification-space-between is-layout-flex wp-container-core-group-is-layout-4be20cc5 wp-block-group-is-layout-flex\" style=\"border-radius:1rem;padding-top:var(--wp--preset--spacing--50);padding-right:var(--wp--preset--spacing--50);padding-bottom:var(--wp--preset--spacing--50);padding-left:var(--wp--preset--spacing--50)\">\n<div class=\"wp-block-group has-global-padding is-layout-constrained wp-block-group-is-layout-constrained\">\n<h2 class=\"wp-block-heading has-large-font-size\">Soutien complet pour vos productions<\/h2>\n\n\n\n<p style=\"margin-top:16px\">Rejoignez FILM-CA pour b\u00e9n\u00e9ficier d&#8217;avantages exclusifs et simplifier vos tournages.<\/p>\n<\/div>\n\n\n\n<div class=\"wp-block-buttons is-content-justification-left is-layout-flex wp-container-core-buttons-is-layout-82056a45 wp-block-buttons-is-layout-flex\">\n<div class=\"wp-block-button is-style-outline is-style-outline--1\"><a class=\"wp-block-button__link wp-element-button\" href=\"https:\/\/film-ca.org\/espace-membre\/services\">D\u00e9couvrir<\/a><\/div>\n\n\n\n<div class=\"wp-block-button\"><a class=\"wp-block-button__link wp-element-button\" href=\"https:\/\/film-ca.org\/espace-membre\/espace-membre\/\">En explorer plus<\/a><\/div>\n<\/div>\n<\/div>\n<\/div>\n","protected":false},"excerpt":{"rendered":"<p>Contact Des d\u00e9cors uniques qui subliment vos productions Avant de tenter de nous contacter, visitez la page &#8220;Foire aux questions&#8220;. Contactez-nous via ce formulaire. Nous vous r\u00e9pondrons d\u00e8s que possible. Soutien complet pour vos productions Rejoignez FILM-CA pour b\u00e9n\u00e9ficier d&#8217;avantages exclusifs et simplifier vos tournages.<\/p>\n","protected":false},"author":1,"featured_media":0,"parent":0,"menu_order":0,"comment_status":"closed","ping_status":"closed","template":"no-title","meta":{"footnotes":""},"class_list":["post-29","page","type-page","status-publish","hentry"],"_links":{"self":[{"href":"https:\/\/film-ca.org\/espace-membre\/wp-json\/wp\/v2\/pages\/29","targetHints":{"allow":["GET"]}}],"collection":[{"href":"https:\/\/film-ca.org\/espace-membre\/wp-json\/wp\/v2\/pages"}],"about":[{"href":"https:\/\/film-ca.org\/espace-membre\/wp-json\/wp\/v2\/types\/page"}],"author":[{"embeddable":true,"href":"https:\/\/film-ca.org\/espace-membre\/wp-json\/wp\/v2\/users\/1"}],"replies":[{"embeddable":true,"href":"https:\/\/film-ca.org\/espace-membre\/wp-json\/wp\/v2\/comments?post=29"}],"version-history":[{"count":4,"href":"https:\/\/film-ca.org\/espace-membre\/wp-json\/wp\/v2\/pages\/29\/revisions"}],"predecessor-version":[{"id":334,"href":"https:\/\/film-ca.org\/espace-membre\/wp-json\/wp\/v2\/pages\/29\/revisions\/334"}],"wp:attachment":[{"href":"https:\/\/film-ca.org\/espace-membre\/wp-json\/wp\/v2\/media?parent=29"}],"curies":[{"name":"wp","href":"https:\/\/api.w.org\/{rel}","templated":true}]}}