{"id":32,"date":"2025-03-07T20:13:19","date_gmt":"2025-03-07T20:13:19","guid":{"rendered":"https:\/\/film-ca.org\/espace-membre\/services\/"},"modified":"2025-03-11T00:54:39","modified_gmt":"2025-03-11T00:54:39","slug":"services","status":"publish","type":"page","link":"https:\/\/film-ca.org\/espace-membre\/services\/","title":{"rendered":"Services"},"content":{"rendered":"\n<div class=\"wp-block-group alignfull has-foreground-background-color has-background has-global-padding is-layout-constrained wp-block-group-is-layout-constrained\" style=\"margin-top:0;margin-bottom:0;padding-top:0;padding-bottom:0\">\n<div class=\"wp-block-group alignwide has-global-padding is-layout-constrained wp-block-group-is-layout-constrained\" style=\"padding-top:var(--wp--preset--spacing--30);padding-bottom:var(--wp--preset--spacing--30)\">\n<h1 class=\"wp-block-heading alignwide has-background-color has-text-color\" style=\"font-size:clamp(0.875rem, 0.875rem + ((1vw - 0.2rem) * 0.625), 1.25rem);\">Services<\/h1>\n<\/div>\n<\/div>\n\n\n\n<div class=\"wp-block-group alignfull has-tertiary-background-color has-background has-global-padding is-layout-constrained wp-container-core-group-is-layout-7276a2bb wp-block-group-is-layout-constrained\" id=\"about\" style=\"margin-top:0;margin-bottom:0;padding-top:var(--wp--preset--spacing--60);padding-right:var(--wp--preset--spacing--30);padding-bottom:var(--wp--preset--spacing--60);padding-left:var(--wp--preset--spacing--30)\">\n<div class=\"wp-block-columns alignwide is-layout-flex wp-container-core-columns-is-layout-47c06fe3 wp-block-columns-is-layout-flex\">\n<div class=\"wp-block-column is-layout-flow wp-container-core-column-is-layout-119bc444 wp-block-column-is-layout-flow\" style=\"flex-basis:60%\">\n<h3 class=\"wp-block-heading\">D\u00e9couvrez les possibilit\u00e9s de tournage<\/h3>\n\n\n\n<p class=\"has-medium-font-size\" style=\"margin-top:16px\">Nous nous consacrons \u00e0 valoriser la richesse culturelle et naturelle de Chaudi\u00e8re-Appalaches \u00e0 travers le cin\u00e9ma et la t\u00e9l\u00e9vision, en cr\u00e9ant un pont entre cr\u00e9ativit\u00e9 et opportunit\u00e9.<\/p>\n<\/div>\n\n\n\n<div class=\"wp-block-column is-vertically-aligned-top is-layout-flow wp-container-core-column-is-layout-f5bb311e wp-block-column-is-layout-flow\" style=\"flex-basis:50%\"><\/div>\n<\/div>\n\n\n\n<div class=\"wp-block-cover alignwide extendify-image-import\" style=\"border-radius:1.5rem;min-height:30vh;aspect-ratio:unset;\"><span aria-hidden=\"true\" class=\"wp-block-cover__background has-background-dim-0 has-background-dim\"><\/span><img decoding=\"async\" class=\"wp-block-cover__image-background\" alt=\"\" src=\"https:\/\/images.unsplash.com\/photo-1490971688337-f2c79913ea7d?ixid=M3w0MzUxNjF8MHwxfHNlYXJjaHw2fHxmaWxtJTIwcHJvZHVjdGlvbnxlbnwwfHx8fDE3MzkyODQ1MjV8MA&amp;ixlib=rb-4.0.3&amp;orientation=landscape?fit=crop&amp;crop=entropy%2Cfaces&amp;auto=format%2Ccompress&amp;w=1280\" data-object-fit=\"cover\"\/><div class=\"wp-block-cover__inner-container is-layout-flow wp-block-cover-is-layout-flow\">\n<div style=\"height:100px\" aria-hidden=\"true\" class=\"wp-block-spacer\"><\/div>\n<\/div><\/div>\n<\/div>\n\n\n\n<div class=\"wp-block-group alignfull has-background-background-color has-background has-global-padding is-layout-constrained wp-container-core-group-is-layout-7276a2bb wp-block-group-is-layout-constrained\" id=\"services\" style=\"margin-top:0;margin-bottom:0;padding-top:var(--wp--preset--spacing--60);padding-right:var(--wp--preset--spacing--30);padding-bottom:var(--wp--preset--spacing--60);padding-left:var(--wp--preset--spacing--30)\">\n<div class=\"wp-block-group alignwide has-global-padding is-content-justification-center is-layout-constrained wp-block-group-is-layout-constrained\">\n<h3 class=\"wp-block-heading has-text-align-center\">Un accompagnement pour tous vos projets cin\u00e9matographiques et t\u00e9l\u00e9visuels<\/h3>\n\n\n\n<p class=\"has-text-align-center has-medium-font-size\" style=\"margin-top:16px\">Explorez la gamme de nos services, pens\u00e9s pour l&#8217;excellence.<\/p>\n<\/div>\n\n\n\n<div class=\"wp-block-columns alignwide is-layout-flex wp-container-core-columns-is-layout-5b525043 wp-block-columns-is-layout-flex\">\n<div class=\"wp-block-column is-layout-flow wp-block-column-is-layout-flow\">\n<div class=\"wp-block-group has-tertiary-background-color has-background has-global-padding is-layout-constrained wp-container-core-group-is-layout-13e450dc wp-block-group-is-layout-constrained\" style=\"border-radius:1.5rem;padding-top:2rem;padding-right:1.5rem;padding-bottom:2rem;padding-left:1.5rem\">\n<h3 class=\"wp-block-heading has-text-align-center\" style=\"font-size:clamp(18.959px, 1.185rem + ((1vw - 3.2px) * 1.15), 30px);line-height:1.5\">Recherche de lieux<\/h3>\n\n\n\n<p class=\"has-text-align-center has-small-font-size\" style=\"margin-top:8px;margin-bottom:var(--wp--preset--spacing--30)\">Une assistance experte pour trouver les d\u00e9cors parfaits pour vos tournages.<\/p>\n\n\n\n<figure class=\"wp-block-image has-custom-border ext-aspect-landscape extendify-image-import\"><img decoding=\"async\" src=\"https:\/\/images.unsplash.com\/photo-1490971688337-f2c79913ea7d?ixid=M3w0MzUxNjF8MHwxfHNlYXJjaHw2fHxmaWxtJTIwcHJvZHVjdGlvbnxlbnwwfHx8fDE3MzkyODQ1MjV8MA&amp;ixlib=rb-4.0.3&amp;orientation=landscape?fit=crop&amp;crop=entropy%2Cfaces&amp;auto=format%2Ccompress&amp;w=1280\" alt=\"\" style=\"border-radius:1.5rem;aspect-ratio:1;object-fit:cover\"\/><\/figure>\n<\/div>\n<\/div>\n\n\n\n<div class=\"wp-block-column is-layout-flow wp-block-column-is-layout-flow\">\n<div class=\"wp-block-group has-tertiary-background-color has-background has-global-padding is-layout-constrained wp-container-core-group-is-layout-13e450dc wp-block-group-is-layout-constrained\" style=\"border-radius:1.5rem;padding-top:2rem;padding-right:1.5rem;padding-bottom:2rem;padding-left:1.5rem\">\n<h3 class=\"wp-block-heading has-text-align-center\" style=\"font-size:clamp(18.959px, 1.185rem + ((1vw - 3.2px) * 1.15), 30px);line-height:1.5\">Ressources locales<\/h3>\n\n\n\n<p class=\"has-text-align-center has-small-font-size\" style=\"margin-top:8px;margin-bottom:var(--wp--preset--spacing--30)\">Une mise en relation rapide avec talents et \u00e9quipements de la r\u00e9gion.<\/p>\n\n\n\n<figure class=\"wp-block-image has-custom-border ext-aspect-landscape extendify-image-import\"><img decoding=\"async\" src=\"https:\/\/images.unsplash.com\/photo-1542204165-65bf26472b9b?ixid=M3w0MzUxNjF8MHwxfHNlYXJjaHwxMHx8ZmlsbSUyMHByb2R1Y3Rpb258ZW58MHx8fHwxNzM5Mjg0NTI1fDA&amp;ixlib=rb-4.0.3&amp;orientation=landscape?fit=crop&amp;crop=entropy%2Cfaces&amp;auto=format%2Ccompress&amp;w=1280\" alt=\"\" style=\"border-radius:1.5rem;aspect-ratio:1;object-fit:cover\"\/><\/figure>\n<\/div>\n<\/div>\n\n\n\n<div class=\"wp-block-column is-layout-flow wp-block-column-is-layout-flow\">\n<div class=\"wp-block-group has-tertiary-background-color has-background has-global-padding is-layout-constrained wp-container-core-group-is-layout-13e450dc wp-block-group-is-layout-constrained\" style=\"border-radius:1.5rem;padding-top:2rem;padding-right:1.5rem;padding-bottom:2rem;padding-left:1.5rem\">\n<h3 class=\"wp-block-heading has-text-align-center\" style=\"font-size:clamp(18.959px, 1.185rem + ((1vw - 3.2px) * 1.15), 30px);line-height:1.5\">Support logistique<\/h3>\n\n\n\n<p class=\"has-text-align-center has-small-font-size\" style=\"margin-top:8px;margin-bottom:var(--wp--preset--spacing--30)\">Des solutions pratiques pour assurer un d\u00e9roulement sans accrocs de vos projets.<\/p>\n\n\n\n<figure class=\"wp-block-image has-custom-border ext-aspect-landscape extendify-image-import\"><img decoding=\"async\" src=\"https:\/\/images.unsplash.com\/photo-1625690303837-654c9666d2d0?ixid=M3w0MzUxNjF8MHwxfHNlYXJjaHwyfHxjaW5lbWF0b2dyYXBoeXxlbnwwfHx8fDE3MzkzMDU3NzR8MA&amp;ixlib=rb-4.0.3&amp;orientation=landscape?fit=crop&amp;crop=entropy%2Cfaces&amp;auto=format%2Ccompress&amp;w=1280\" alt=\"\" style=\"border-radius:1.5rem;aspect-ratio:1;object-fit:cover\"\/><\/figure>\n<\/div>\n<\/div>\n<\/div>\n<\/div>\n\n\n\n<div class=\"wp-block-group alignfull has-tertiary-background-color has-background has-global-padding is-layout-constrained wp-container-core-group-is-layout-68d5e5bb wp-block-group-is-layout-constrained\" id=\"features\" style=\"margin-top:0;margin-bottom:0;padding-top:var(--wp--preset--spacing--50);padding-right:var(--wp--preset--spacing--30);padding-bottom:var(--wp--preset--spacing--60);padding-left:var(--wp--preset--spacing--30)\">\n<div class=\"wp-block-group alignwide has-background-background-color has-background has-global-padding is-layout-constrained wp-container-core-group-is-layout-056f53c0 wp-block-group-is-layout-constrained\" style=\"border-radius:1.5rem;padding-top:var(--wp--preset--spacing--40);padding-right:var(--wp--preset--spacing--40);padding-bottom:var(--wp--preset--spacing--40);padding-left:var(--wp--preset--spacing--40)\">\n<div class=\"wp-block-group alignwide is-vertical is-layout-flex wp-container-core-group-is-layout-fe9cc265 wp-block-group-is-layout-flex\">\n<div class=\"wp-block-group has-global-padding is-layout-constrained wp-block-group-is-layout-constrained\">\n<h3 class=\"wp-block-heading\" style=\"margin-top:12px\">Un point de contact essentiel pour les esprits cr\u00e9atifs<\/h3>\n\n\n\n<p class=\"has-medium-font-size\" style=\"margin-top:16px\">D\u00e9couvrez nos services cl\u00e9s pour soutenir vos productions.<\/p>\n<\/div>\n<\/div>\n\n\n\n<div class=\"wp-block-columns alignwide is-layout-flex wp-container-core-columns-is-layout-47c06fe3 wp-block-columns-is-layout-flex\">\n<div class=\"wp-block-column is-layout-flow wp-block-column-is-layout-flow\">\n<div class=\"wp-block-group has-global-padding is-layout-constrained wp-block-group-is-layout-constrained\">\n<h3 class=\"wp-block-heading\" style=\"font-size:clamp(14px, 0.875rem + ((1vw - 3.2px) * 0.625), 20px);line-height:1.5\">Rep\u00e9rage sur mesure<\/h3>\n\n\n\n<p class=\"has-small-font-size\" style=\"margin-top:8px\">Nous vous supportons dans vos recherches de lieux parfaits pour vos tournages.<\/p>\n<\/div>\n\n\n\n<div class=\"wp-block-group has-global-padding is-layout-constrained wp-block-group-is-layout-constrained\">\n<h3 class=\"wp-block-heading\" style=\"font-size:clamp(14px, 0.875rem + ((1vw - 3.2px) * 0.625), 20px);line-height:1.5\">Catalogue de ressources<\/h3>\n\n\n\n<p class=\"has-small-font-size\" style=\"margin-top:8px\">Acc\u00e9dez \u00e0 une base compl\u00e8te de talents,  d&#8217;\u00e9quipements et de ressources diverses.<\/p>\n<\/div>\n<\/div>\n\n\n\n<div class=\"wp-block-column is-layout-flow wp-block-column-is-layout-flow\">\n<div class=\"wp-block-group has-global-padding is-layout-constrained wp-block-group-is-layout-constrained\">\n<h3 class=\"wp-block-heading\" style=\"font-size:clamp(14px, 0.875rem + ((1vw - 3.2px) * 0.625), 20px);line-height:1.5\">Support logistique<\/h3>\n\n\n\n<p class=\"has-small-font-size\" style=\"margin-top:8px\">Nous simplifions votre coordination pour des productions sans accroc.<\/p>\n<\/div>\n\n\n\n<div class=\"wp-block-group has-global-padding is-layout-constrained wp-block-group-is-layout-constrained\">\n<h3 class=\"wp-block-heading\" style=\"font-size:clamp(14px, 0.875rem + ((1vw - 3.2px) * 0.625), 20px);line-height:1.5\">Conseil en production<\/h3>\n\n\n\n<p class=\"has-small-font-size\" style=\"margin-top:8px\">Recevez des conseils personnalis\u00e9s pour optimiser vos projets.<\/p>\n<\/div>\n<\/div>\n\n\n\n<div class=\"wp-block-column is-layout-flow wp-block-column-is-layout-flow\">\n<div class=\"wp-block-group has-global-padding is-layout-constrained wp-block-group-is-layout-constrained\">\n<h3 class=\"wp-block-heading\" style=\"font-size:clamp(14px, 0.875rem + ((1vw - 3.2px) * 0.625), 20px);line-height:1.5\">Promotion r\u00e9gionale<\/h3>\n\n\n\n<p class=\"has-small-font-size\" style=\"margin-top:8px\">Nous aidons \u00e0 valoriser la r\u00e9gion pour attirer davantage de productions.<\/p>\n\n\n\n<div class=\"wp-block-group has-global-padding is-layout-constrained wp-block-group-is-layout-constrained\">\n<h3 class=\"wp-block-heading\" style=\"font-size:clamp(14px, 0.875rem + ((1vw - 3.2px) * 0.625), 20px);line-height:1.5\">Espace-membre<\/h3>\n\n\n\n<p class=\"has-small-font-size\" style=\"margin-top:8px\">Un espace est r\u00e9serv\u00e9 aux membres actifs pour toutes leurs demandes.<\/p>\n<\/div>\n<\/div>\n<\/div>\n<\/div>\n<\/div>\n<\/div>\n\n\n\n<p><\/p>\n","protected":false},"excerpt":{"rendered":"<p>Services D\u00e9couvrez les possibilit\u00e9s de tournage Nous nous consacrons \u00e0 valoriser la richesse culturelle et naturelle de Chaudi\u00e8re-Appalaches \u00e0 travers le cin\u00e9ma et la t\u00e9l\u00e9vision, en cr\u00e9ant un pont entre cr\u00e9ativit\u00e9 et opportunit\u00e9. Un accompagnement pour tous vos projets cin\u00e9matographiques et t\u00e9l\u00e9visuels Explorez la gamme de nos services, pens\u00e9s pour l&#8217;excellence. Recherche de lieux Une [&hellip;]<\/p>\n","protected":false},"author":1,"featured_media":0,"parent":0,"menu_order":0,"comment_status":"closed","ping_status":"closed","template":"no-title","meta":{"footnotes":""},"class_list":["post-32","page","type-page","status-publish","hentry"],"_links":{"self":[{"href":"https:\/\/film-ca.org\/espace-membre\/wp-json\/wp\/v2\/pages\/32","targetHints":{"allow":["GET"]}}],"collection":[{"href":"https:\/\/film-ca.org\/espace-membre\/wp-json\/wp\/v2\/pages"}],"about":[{"href":"https:\/\/film-ca.org\/espace-membre\/wp-json\/wp\/v2\/types\/page"}],"author":[{"embeddable":true,"href":"https:\/\/film-ca.org\/espace-membre\/wp-json\/wp\/v2\/users\/1"}],"replies":[{"embeddable":true,"href":"https:\/\/film-ca.org\/espace-membre\/wp-json\/wp\/v2\/comments?post=32"}],"version-history":[{"count":6,"href":"https:\/\/film-ca.org\/espace-membre\/wp-json\/wp\/v2\/pages\/32\/revisions"}],"predecessor-version":[{"id":349,"href":"https:\/\/film-ca.org\/espace-membre\/wp-json\/wp\/v2\/pages\/32\/revisions\/349"}],"wp:attachment":[{"href":"https:\/\/film-ca.org\/espace-membre\/wp-json\/wp\/v2\/media?parent=32"}],"curies":[{"name":"wp","href":"https:\/\/api.w.org\/{rel}","templated":true}]}}