{"id":33,"date":"2025-03-07T20:13:20","date_gmt":"2025-03-07T20:13:20","guid":{"rendered":"https:\/\/film-ca.org\/espace-membre\/a-propos\/"},"modified":"2025-03-11T00:53:17","modified_gmt":"2025-03-11T00:53:17","slug":"a-propos","status":"publish","type":"page","link":"https:\/\/film-ca.org\/espace-membre\/a-propos\/","title":{"rendered":"\u00c0 propos"},"content":{"rendered":"\n<div class=\"wp-block-group alignfull has-foreground-background-color has-background has-global-padding is-layout-constrained wp-block-group-is-layout-constrained\" style=\"margin-top:0;margin-bottom:0;padding-top:0;padding-bottom:0\">\n<div class=\"wp-block-group alignwide has-global-padding is-layout-constrained wp-block-group-is-layout-constrained\" style=\"padding-top:var(--wp--preset--spacing--30);padding-bottom:var(--wp--preset--spacing--30)\">\n<h1 class=\"wp-block-heading alignwide has-background-color has-text-color\" style=\"font-size:clamp(0.875rem, 0.875rem + ((1vw - 0.2rem) * 0.625), 1.25rem);\">\u00c0 propos<\/h1>\n<\/div>\n<\/div>\n\n\n\n<div class=\"wp-block-group alignfull has-tertiary-background-color has-background has-global-padding is-layout-constrained wp-container-core-group-is-layout-7276a2bb wp-block-group-is-layout-constrained\" id=\"about\" style=\"margin-top:0;margin-bottom:0;padding-top:var(--wp--preset--spacing--60);padding-right:var(--wp--preset--spacing--30);padding-bottom:var(--wp--preset--spacing--60);padding-left:var(--wp--preset--spacing--30)\">\n<div class=\"wp-block-columns alignwide is-layout-flex wp-container-core-columns-is-layout-47c06fe3 wp-block-columns-is-layout-flex\">\n<div class=\"wp-block-column is-layout-flow wp-container-core-column-is-layout-119bc444 wp-block-column-is-layout-flow\" style=\"flex-basis:60%\">\n<h3 class=\"wp-block-heading\">D\u00e9couvrez l&#8217;univers captivant du cin\u00e9ma en Chaudi\u00e8re-Appalaches<\/h3>\n\n\n\n<p class=\"has-medium-font-size\" style=\"margin-top:16px\">FILM-CA s&#8217;engage \u00e0 propulser la production audiovisuelle locale, en offrant des solutions sur mesure \u00e0 chaque \u00e9tape du processus cr\u00e9atif. Notre vision : faire de Chaudi\u00e8re-Appalaches une destination incontournable pour les projets cin\u00e9matographiques et t\u00e9l\u00e9visuels.<\/p>\n\n\n\n<div class=\"wp-block-buttons is-content-justification-left is-layout-flex wp-container-core-buttons-is-layout-fc4fd283 wp-block-buttons-is-layout-flex\">\n<div class=\"wp-block-button is-style-outline is-style-outline--1\"><a class=\"wp-block-button__link wp-element-button\" href=\"https:\/\/film-ca.org\/espace-membre\/services\">D\u00e9couvrir plus<\/a><\/div>\n<\/div>\n<\/div>\n\n\n\n<div class=\"wp-block-column is-vertically-aligned-top is-layout-flow wp-container-core-column-is-layout-f5bb311e wp-block-column-is-layout-flow\" style=\"flex-basis:50%\">\n<figure class=\"wp-block-image has-custom-border extendify-image-import\"><img decoding=\"async\" src=\"https:\/\/images.unsplash.com\/photo-1490971688337-f2c79913ea7d?ixid=M3w0MzUxNjF8MHwxfHNlYXJjaHw2fHxmaWxtJTIwcHJvZHVjdGlvbnxlbnwwfHx8fDE3MzkyODQ1MjV8MA&amp;ixlib=rb-4.0.3&amp;orientation=landscape?fit=crop&amp;crop=entropy%2Cfaces&amp;auto=format%2Ccompress&amp;w=1280\" alt=\"\" style=\"border-radius:1.5rem;aspect-ratio:1;object-fit:cover\"\/><\/figure>\n<\/div>\n<\/div>\n<\/div>\n\n\n\n<div class=\"wp-block-group alignfull has-background-background-color has-background has-global-padding is-layout-constrained wp-container-core-group-is-layout-7276a2bb wp-block-group-is-layout-constrained\" id=\"team\" style=\"margin-top:0;margin-bottom:0;padding-top:var(--wp--preset--spacing--60);padding-right:var(--wp--preset--spacing--30);padding-bottom:var(--wp--preset--spacing--60);padding-left:var(--wp--preset--spacing--30)\">\n<div class=\"wp-block-group alignwide is-vertical is-layout-flex wp-container-core-group-is-layout-fe9cc265 wp-block-group-is-layout-flex\">\n<div class=\"wp-block-group alignwide has-global-padding is-content-justification-left is-layout-constrained wp-container-core-group-is-layout-8b4c372c wp-block-group-is-layout-constrained\">\n<h3 class=\"wp-block-heading\" style=\"margin-top:12px\">Chaudi\u00e8re-Appalaches<br>une toile pour vos r\u00e9cits<\/h3>\n\n\n\n<p class=\"has-medium-font-size\" style=\"margin-top:16px\">D\u00e9couvrez notre r\u00e9gion exceptionnelle.<\/p>\n<\/div>\n<\/div>\n\n\n\n<div class=\"wp-block-columns alignwide is-layout-flex wp-container-core-columns-is-layout-28f84493 wp-block-columns-is-layout-flex\">\n<div class=\"wp-block-column is-layout-flow wp-container-core-column-is-layout-f5bb311e wp-block-column-is-layout-flow\">\n<div class=\"wp-block-columns has-tertiary-background-color has-background is-layout-flex wp-container-core-columns-is-layout-d47a2335 wp-block-columns-is-layout-flex\" style=\"border-radius:1.5rem;padding-top:1.5rem;padding-right:1.5rem;padding-bottom:1.5rem;padding-left:1.5rem\">\n<div class=\"wp-block-column is-layout-flow wp-block-column-is-layout-flow\">\n<h4 class=\"wp-block-heading\" style=\"font-size:clamp(15.747px, 0.984rem + ((1vw - 3.2px) * 0.86), 24px);\">Notre histoire<\/h4>\n\n\n\n<p>En 2017, un groupe du milieu, men\u00e9 par Daniel Ferland, s&#8217;est associ\u00e9 pour cr\u00e9er le BCTCA &#8211; Bureau du cin\u00e9ma et de la t\u00e9l\u00e9vision de la Chaudi\u00e8re-Appalaches. Ils d\u00e9siraient attirer et aider les productions cin\u00e9matographiques et t\u00e9l\u00e9visuelles dans la r\u00e9gion. Avec l&#8217;\u00e9vidence de ce besoin grandissant, nous sommes rapidement devenus incontournables.<\/p>\n<\/div>\n<\/div>\n\n\n\n<div class=\"wp-block-columns has-tertiary-background-color has-background is-layout-flex wp-container-core-columns-is-layout-d47a2335 wp-block-columns-is-layout-flex\" style=\"border-radius:1.5rem;padding-top:1.5rem;padding-right:1.5rem;padding-bottom:1.5rem;padding-left:1.5rem\">\n<div class=\"wp-block-column is-layout-flow wp-block-column-is-layout-flow\">\n<h4 class=\"wp-block-heading\" style=\"font-size:clamp(15.747px, 0.984rem + ((1vw - 3.2px) * 0.86), 24px);\">Notre mission<\/h4>\n\n\n\n<p>Film Chaudi\u00e8re-Appalaches a ainsi toujours pour mission principale de promouvoir la production cin\u00e9matographique et t\u00e9l\u00e9visuelle dans la r\u00e9gion. FILM-CA s&#8217;est aussi dot\u00e9 de missions secondaires, afin de garder ses ressources sur son territoire, attirant ainsi, plus de productions de tous les calibres chez nous.&nbsp;<\/p>\n<\/div>\n<\/div>\n<\/div>\n\n\n\n<div class=\"wp-block-column is-layout-flow wp-container-core-column-is-layout-f5bb311e wp-block-column-is-layout-flow\">\n<div class=\"wp-block-columns has-tertiary-background-color has-background is-layout-flex wp-container-core-columns-is-layout-d47a2335 wp-block-columns-is-layout-flex\" style=\"border-radius:1.5rem;padding-top:1.5rem;padding-right:1.5rem;padding-bottom:1.5rem;padding-left:1.5rem\">\n<div class=\"wp-block-column is-layout-flow wp-block-column-is-layout-flow\">\n<h4 class=\"wp-block-heading has-text-align-left\" style=\"font-size:clamp(15.747px, 0.984rem + ((1vw - 3.2px) * 0.86), 24px);\"><strong>Notre identit\u00e9<\/strong><\/h4>\n\n\n\n<p>Film Chaudi\u00e8re-Appalaches est devenu un OBNL en 2021. En changeant notre forme juridique, nous en avons profit\u00e9 pour faciliter la prononciation de notre nom et de notre acronyme. Film Chaudi\u00e8re-Appalaches a ainsi adopt\u00e9 &#8220;FILM-CA&#8221;, pour son identit\u00e9 visuelle et sonore. Cette nouvelle entit\u00e9 s&#8217;est pourvue de trois divisions distinctes et collaboratives.<\/p>\n<\/div>\n<\/div>\n\n\n\n<div class=\"wp-block-columns has-tertiary-background-color has-background is-layout-flex wp-container-core-columns-is-layout-d47a2335 wp-block-columns-is-layout-flex\" style=\"border-radius:1.5rem;padding-top:1.5rem;padding-right:1.5rem;padding-bottom:1.5rem;padding-left:1.5rem\">\n<div class=\"wp-block-column is-layout-flow wp-block-column-is-layout-flow\">\n<h4 class=\"wp-block-heading\" style=\"font-size:clamp(15.747px, 0.984rem + ((1vw - 3.2px) * 0.86), 24px);\">Notre travail<\/h4>\n\n\n\n<p>FILM-CA s&#8217;adresse \u00e0 toute \u00e9quipe d\u00e9sirant tourner un film, une \u00e9mission de t\u00e9l\u00e9vision, une s\u00e9rie ou une publicit\u00e9, en tout ou en partie, en Chaudi\u00e8re-Appalaches. Peu importe le budget et l&#8217;ampleur de la production, le FILM-CA est un guichet unique pour toutes leurs demandes, ainsi qu&#8217;un soutien \u00e0 chaque \u00e9tape.&nbsp;<\/p>\n<\/div>\n<\/div>\n<\/div>\n<\/div>\n<\/div>\n\n\n\n<div class=\"wp-block-group alignfull has-tertiary-background-color has-background has-global-padding is-layout-constrained wp-container-core-group-is-layout-254d6575 wp-block-group-is-layout-constrained\" id=\"testimonials\" style=\"margin-top:0;margin-bottom:0;padding-top:var(--wp--preset--spacing--60);padding-right:var(--wp--preset--spacing--30);padding-bottom:var(--wp--preset--spacing--60);padding-left:var(--wp--preset--spacing--30)\">\n<div class=\"wp-block-group alignwide has-global-padding is-content-justification-center is-layout-constrained wp-block-group-is-layout-constrained\" style=\"margin-bottom:var(--wp--preset--spacing--50)\">\n<h3 class=\"wp-block-heading alignwide has-text-align-left\">Film Chaudi\u00e8re-Appalaches annonce la nomination de<br>Vanessa Rancourt au poste de directrice g\u00e9n\u00e9rale<\/h3>\n\n\n\n<p class=\"has-text-align-left has-medium-font-size\" style=\"margin-top:16px\">Film Chaudi\u00e8re-Appalaches annonce avec fiert\u00e9 la nomination de Madame Vanessa Rancourt au poste de directrice g\u00e9n\u00e9rale. Cette nomination, approuv\u00e9e \u00e0 l\u2019unanimit\u00e9 par le conseil d\u2019administration lors de sa r\u00e9union du 14 janvier 2025, marque une \u00e9tape cl\u00e9 dans le d\u00e9veloppement strat\u00e9gique de l\u2019organisme.<\/p>\n<\/div>\n\n\n\n<div class=\"wp-block-columns alignwide is-layout-flex wp-container-core-columns-is-layout-28f84493 wp-block-columns-is-layout-flex\">\n<div class=\"wp-block-column is-vertically-aligned-stretch is-layout-flow wp-block-column-is-layout-flow\" style=\"flex-basis:66.66%\">\n<div class=\"wp-block-cover has-custom-content-position is-position-bottom-center extendify-image-import\" style=\"border-radius:1.5rem;padding-top:var(--wp--preset--spacing--30);padding-right:var(--wp--preset--spacing--30);padding-bottom:var(--wp--preset--spacing--30);padding-left:var(--wp--preset--spacing--30);min-height:817px;aspect-ratio:unset;\"><span aria-hidden=\"true\" class=\"wp-block-cover__background has-background-dim-60 has-background-dim\" style=\"background-color:#737373\"><\/span><img loading=\"lazy\" decoding=\"async\" width=\"960\" height=\"1440\" class=\"wp-block-cover__image-background wp-image-88\" alt=\"\" src=\"https:\/\/film-ca.org\/espace-membre\/wp-content\/uploads\/2025\/03\/Vanessa-Rancourt-n-b.jpg\" data-object-fit=\"cover\" srcset=\"https:\/\/film-ca.org\/espace-membre\/wp-content\/uploads\/2025\/03\/Vanessa-Rancourt-n-b.jpg 960w, https:\/\/film-ca.org\/espace-membre\/wp-content\/uploads\/2025\/03\/Vanessa-Rancourt-n-b-200x300.jpg 200w, https:\/\/film-ca.org\/espace-membre\/wp-content\/uploads\/2025\/03\/Vanessa-Rancourt-n-b-683x1024.jpg 683w, https:\/\/film-ca.org\/espace-membre\/wp-content\/uploads\/2025\/03\/Vanessa-Rancourt-n-b-768x1152.jpg 768w, https:\/\/film-ca.org\/espace-membre\/wp-content\/uploads\/2025\/03\/Vanessa-Rancourt-n-b-600x900.jpg 600w\" sizes=\"auto, (max-width: 960px) 100vw, 960px\" \/><div class=\"wp-block-cover__inner-container has-global-padding is-layout-constrained wp-container-core-cover-is-layout-80fb368b wp-block-cover-is-layout-constrained\">\n<div class=\"wp-block-group has-global-padding is-layout-constrained wp-block-group-is-layout-constrained\">\n<p style=\"font-size:clamp(20px, 1.25rem + ((1vw - 3.2px) * 1.25), 32px);font-style:normal;font-weight:600;line-height:1.4\">C\u2019est avec enthousiasme que je me joins \u00e0 FILM-CA. La r\u00e9gion regorge de talents et de lieux de tournage exceptionnels. Mon objectif est de mettre en valeur notre territoire, attirer davantage de productions et soutenir les cr\u00e9ateurs d\u2019ici pour qu\u2019ils rayonnent sur la sc\u00e8ne nationale et internationale.<\/p>\n\n\n\n<h4 class=\"wp-block-heading has-small-font-size\">Vanessa Rancourt<\/h4>\n\n\n\n<p class=\"has-small-font-size\" style=\"margin-top:2px\">Directrice g\u00e9n\u00e9rale<\/p>\n<\/div>\n<\/div><\/div>\n<\/div>\n\n\n\n<div class=\"wp-block-column is-vertically-aligned-stretch is-layout-flow wp-block-column-is-layout-flow\" style=\"flex-basis:33.33%\">\n<div class=\"wp-block-group has-background-color has-primary-background-color has-text-color has-background has-link-color wp-elements-d5a1a5999974db2c0ea5689cb0e1a86e has-global-padding is-layout-constrained wp-container-core-group-is-layout-f90d3be4 wp-block-group-is-layout-constrained\" style=\"border-radius:1.5rem;min-height:100%;padding-top:var(--wp--preset--spacing--40);padding-right:var(--wp--preset--spacing--30);padding-bottom:var(--wp--preset--spacing--40);padding-left:var(--wp--preset--spacing--30)\">\n<p style=\"font-size:clamp(15.747px, 0.984rem + ((1vw - 3.2px) * 0.86), 24px);font-style:normal;font-weight:600;line-height:1.4\">Une carri\u00e8re d\u00e9di\u00e9e \u00e0 l\u2019industrie audiovisuelle<\/p>\n\n\n\n<p>Forte d\u2019une exp\u00e9rience diversifi\u00e9e dans le cin\u00e9ma et la t\u00e9l\u00e9vision, Vanessa Rancourt a d\u00e9velopp\u00e9 une expertise en gestion de projets, production et d\u00e9veloppement de l\u2019industrie audiovisuelle. Bilingue, elle a tiss\u00e9 des relations solides avec les acteurs cl\u00e9s du secteur. Fondatrice et pr\u00e9sidente de House of Actors, elle a cr\u00e9\u00e9 un espace d\u00e9di\u00e9 \u00e0 la formation et \u00e0 l\u2019accompagnement des artistes, favorisant l\u2019innovation et l\u2019accessibilit\u00e9. Son implication au Quebec English Production Council (QEPC) lui a permis de soutenir la rel\u00e8ve en participant \u00e0 la mise en place d\u2019un programme de stages pour les producteurs \u00e9mergents. <br><br>Sous sa direction, Film Chaudi\u00e8re-Appalaches ambitionne de renforcer la pr\u00e9sence de la r\u00e9gion dans l\u2019industrie audiovisuelle, en attirant des productions locales et internationales tout en favorisant les collaborations entre cr\u00e9ateurs, institutions et partenaires du secteur.<br><br>Le conseil d\u2019administration, pr\u00e9sid\u00e9 par Daniel Ferland, et compos\u00e9 de Fabien Pelletier, vice-pr\u00e9sident, et Pier-Olivier Renaud, secr\u00e9taire-tr\u00e9sorier, a salu\u00e9 cette nomination. Monsieur Ferland a soulign\u00e9 : \u00ab L\u2019arriv\u00e9e de Madame Rancourt est une \u00e9tape cruciale et prometteuse pour notre organisme. Sa vision et son leadership seront des atouts essentiels pour atteindre nos objectifs. \u00bb Le conseil tient \u00e9galement \u00e0 remercier Fabien Pelletier, qui a assur\u00e9 l\u2019int\u00e9rim de la direction g\u00e9n\u00e9rale depuis 2023, pour son d\u00e9vouement.<\/p>\n\n\n\n<p>Visitez la page de l&#8217;<a href=\"https:\/\/film-ca.org\/espace-membre\/equipe\/\" title=\"\u00c9quipe\">\u00e9quipe<\/a> pour en savoir plus. <\/p>\n\n\n\n<p class=\"has-small-font-size\" style=\"margin-top:2px\"><\/p>\n<\/div>\n<\/div>\n<\/div>\n\n\n\n<div class=\"wp-block-columns alignwide is-layout-flex wp-container-core-columns-is-layout-28f84493 wp-block-columns-is-layout-flex\">\n<div class=\"wp-block-column is-vertically-aligned-stretch is-layout-flow wp-block-column-is-layout-flow\" style=\"flex-basis:33.33%\"><\/div>\n\n\n\n<div class=\"wp-block-column is-layout-flow wp-block-column-is-layout-flow\" style=\"flex-basis:66.66%\"><\/div>\n<\/div>\n<\/div>\n","protected":false},"excerpt":{"rendered":"<p>\u00c0 propos D\u00e9couvrez l&#8217;univers captivant du cin\u00e9ma en Chaudi\u00e8re-Appalaches FILM-CA s&#8217;engage \u00e0 propulser la production audiovisuelle locale, en offrant des solutions sur mesure \u00e0 chaque \u00e9tape du processus cr\u00e9atif. Notre vision : faire de Chaudi\u00e8re-Appalaches une destination incontournable pour les projets cin\u00e9matographiques et t\u00e9l\u00e9visuels. Chaudi\u00e8re-Appalachesune toile pour vos r\u00e9cits D\u00e9couvrez notre r\u00e9gion exceptionnelle. Notre histoire [&hellip;]<\/p>\n","protected":false},"author":1,"featured_media":0,"parent":0,"menu_order":0,"comment_status":"closed","ping_status":"closed","template":"no-title","meta":{"footnotes":""},"class_list":["post-33","page","type-page","status-publish","hentry"],"_links":{"self":[{"href":"https:\/\/film-ca.org\/espace-membre\/wp-json\/wp\/v2\/pages\/33","targetHints":{"allow":["GET"]}}],"collection":[{"href":"https:\/\/film-ca.org\/espace-membre\/wp-json\/wp\/v2\/pages"}],"about":[{"href":"https:\/\/film-ca.org\/espace-membre\/wp-json\/wp\/v2\/types\/page"}],"author":[{"embeddable":true,"href":"https:\/\/film-ca.org\/espace-membre\/wp-json\/wp\/v2\/users\/1"}],"replies":[{"embeddable":true,"href":"https:\/\/film-ca.org\/espace-membre\/wp-json\/wp\/v2\/comments?post=33"}],"version-history":[{"count":7,"href":"https:\/\/film-ca.org\/espace-membre\/wp-json\/wp\/v2\/pages\/33\/revisions"}],"predecessor-version":[{"id":347,"href":"https:\/\/film-ca.org\/espace-membre\/wp-json\/wp\/v2\/pages\/33\/revisions\/347"}],"wp:attachment":[{"href":"https:\/\/film-ca.org\/espace-membre\/wp-json\/wp\/v2\/media?parent=33"}],"curies":[{"name":"wp","href":"https:\/\/api.w.org\/{rel}","templated":true}]}}