{"id":36,"date":"2025-03-07T20:13:22","date_gmt":"2025-03-07T20:13:22","guid":{"rendered":"https:\/\/film-ca.org\/espace-membre\/equipe\/"},"modified":"2025-03-11T00:55:13","modified_gmt":"2025-03-11T00:55:13","slug":"equipe","status":"publish","type":"page","link":"https:\/\/film-ca.org\/espace-membre\/equipe\/","title":{"rendered":"\u00c9quipe"},"content":{"rendered":"\n<div class=\"wp-block-group alignfull has-foreground-background-color has-background has-global-padding is-layout-constrained wp-block-group-is-layout-constrained\" style=\"margin-top:0;margin-bottom:0;padding-top:0;padding-bottom:0\">\n<div class=\"wp-block-group alignwide has-global-padding is-layout-constrained wp-block-group-is-layout-constrained\" style=\"padding-top:var(--wp--preset--spacing--30);padding-bottom:var(--wp--preset--spacing--30)\">\n<h1 class=\"wp-block-heading alignwide has-background-color has-text-color\" style=\"font-size:clamp(0.875rem, 0.875rem + ((1vw - 0.2rem) * 0.625), 1.25rem);\">\u00c9quipe<\/h1>\n<\/div>\n<\/div>\n\n\n\n<div class=\"wp-block-group alignfull has-tertiary-background-color has-background has-global-padding is-layout-constrained wp-container-core-group-is-layout-7276a2bb wp-block-group-is-layout-constrained\" id=\"about\" style=\"margin-top:0;margin-bottom:0;padding-top:var(--wp--preset--spacing--60);padding-right:var(--wp--preset--spacing--30);padding-bottom:var(--wp--preset--spacing--60);padding-left:var(--wp--preset--spacing--30)\">\n<div class=\"wp-block-columns alignwide is-layout-flex wp-container-core-columns-is-layout-47c06fe3 wp-block-columns-is-layout-flex\">\n<div class=\"wp-block-column is-layout-flow wp-container-core-column-is-layout-119bc444 wp-block-column-is-layout-flow\" style=\"flex-basis:60%\">\n<h3 class=\"wp-block-heading\">Plongez dans l&#8217;univers captivant du cin\u00e9ma et de la t\u00e9l\u00e9vision en Chaudi\u00e8re-Appalaches<\/h3>\n\n\n\n<p class=\"has-medium-font-size\" style=\"margin-top:16px\">Cette section pr\u00e9sente notre engagement \u00e0 dynamiser la production audiovisuelle r\u00e9gionale, avec une vision ax\u00e9e sur l\u2019innovation, la collaboration et la mise en valeur des ressources locales.<\/p>\n<\/div>\n\n\n\n<div class=\"wp-block-column is-vertically-aligned-top is-layout-flow wp-container-core-column-is-layout-f5bb311e wp-block-column-is-layout-flow\" style=\"flex-basis:50%\"><\/div>\n<\/div>\n\n\n\n<div class=\"wp-block-cover alignwide extendify-image-import\" style=\"border-radius:1.5rem;min-height:30vh;aspect-ratio:unset;\"><span aria-hidden=\"true\" class=\"wp-block-cover__background has-background-dim-0 has-background-dim\"><\/span><img decoding=\"async\" class=\"wp-block-cover__image-background\" alt=\"\" src=\"https:\/\/images.unsplash.com\/photo-1542204165-65bf26472b9b?ixid=M3w0MzUxNjF8MHwxfHNlYXJjaHwxMHx8ZmlsbSUyMHByb2R1Y3Rpb258ZW58MHx8fHwxNzM5Mjg0NTI1fDA&amp;ixlib=rb-4.0.3&amp;orientation=landscape?fit=crop&amp;crop=entropy%2Cfaces&amp;auto=format%2Ccompress&amp;w=1280\" data-object-fit=\"cover\"\/><div class=\"wp-block-cover__inner-container is-layout-flow wp-block-cover-is-layout-flow\">\n<div style=\"height:100px\" aria-hidden=\"true\" class=\"wp-block-spacer\"><\/div>\n<\/div><\/div>\n<\/div>\n\n\n\n<div class=\"wp-block-group alignfull has-background-background-color has-background has-global-padding is-layout-constrained wp-container-core-group-is-layout-7276a2bb wp-block-group-is-layout-constrained\" id=\"team\" style=\"margin-top:0;margin-bottom:0;padding-top:var(--wp--preset--spacing--60);padding-right:var(--wp--preset--spacing--30);padding-bottom:var(--wp--preset--spacing--60);padding-left:var(--wp--preset--spacing--30)\">\n<div class=\"wp-block-group alignwide is-vertical is-layout-flex wp-container-core-group-is-layout-fe9cc265 wp-block-group-is-layout-flex\">\n<div class=\"wp-block-group alignwide has-global-padding is-content-justification-left is-layout-constrained wp-container-core-group-is-layout-8b4c372c wp-block-group-is-layout-constrained\">\n<h3 class=\"wp-block-heading\" style=\"margin-top:12px\">Votre \u00e9quipe pour des projets d&#8217;exception<\/h3>\n\n\n\n<p class=\"has-medium-font-size\" style=\"margin-top:16px\">D\u00e9couvrez les talents passionn\u00e9s qui composent notre \u00e9quipe d\u00e9di\u00e9e.<\/p>\n<\/div>\n<\/div>\n\n\n\n<div class=\"wp-block-columns alignwide is-layout-flex wp-container-core-columns-is-layout-28f84493 wp-block-columns-is-layout-flex\">\n<div class=\"wp-block-column is-layout-flow wp-container-core-column-is-layout-f5bb311e wp-block-column-is-layout-flow\">\n<div class=\"wp-block-columns has-tertiary-background-color has-background is-layout-flex wp-container-core-columns-is-layout-d47a2335 wp-block-columns-is-layout-flex\" style=\"border-radius:1.5rem;padding-top:1.5rem;padding-right:1.5rem;padding-bottom:1.5rem;padding-left:1.5rem\">\n<div class=\"wp-block-column is-layout-flow wp-block-column-is-layout-flow\" style=\"flex-basis:40%\">\n<figure class=\"wp-block-image size-large has-custom-border is-style-default extendify-image-import\"><img loading=\"lazy\" decoding=\"async\" width=\"683\" height=\"1024\" src=\"https:\/\/film-ca.org\/espace-membre\/wp-content\/uploads\/2025\/03\/Vanessa-Rancourt-n-b-683x1024.jpg\" alt=\"\" class=\"wp-image-88\" style=\"border-radius:1.5rem;aspect-ratio:1;object-fit:cover\" srcset=\"https:\/\/film-ca.org\/espace-membre\/wp-content\/uploads\/2025\/03\/Vanessa-Rancourt-n-b-683x1024.jpg 683w, https:\/\/film-ca.org\/espace-membre\/wp-content\/uploads\/2025\/03\/Vanessa-Rancourt-n-b-200x300.jpg 200w, https:\/\/film-ca.org\/espace-membre\/wp-content\/uploads\/2025\/03\/Vanessa-Rancourt-n-b-768x1152.jpg 768w, https:\/\/film-ca.org\/espace-membre\/wp-content\/uploads\/2025\/03\/Vanessa-Rancourt-n-b-600x900.jpg 600w, https:\/\/film-ca.org\/espace-membre\/wp-content\/uploads\/2025\/03\/Vanessa-Rancourt-n-b.jpg 960w\" sizes=\"auto, (max-width: 683px) 100vw, 683px\" \/><\/figure>\n<\/div>\n\n\n\n<div class=\"wp-block-column is-layout-flow wp-block-column-is-layout-flow\">\n<h4 class=\"wp-block-heading\" style=\"font-size:clamp(15.747px, 0.984rem + ((1vw - 3.2px) * 0.86), 24px);\">Vanessa Rancourt<\/h4>\n\n\n\n<p class=\"has-primary-color has-text-color has-small-font-size\" style=\"margin-top:4px\">Directrice g\u00e9n\u00e9rale<\/p>\n\n\n\n<p class=\"has-small-font-size\" style=\"margin-top:12px\">Forte d\u2019une exp\u00e9rience diversifi\u00e9e dans le cin\u00e9ma et la t\u00e9l\u00e9vision, Vanessa Rancourt a d\u00e9velopp\u00e9 une expertise en gestion de projets, production et d\u00e9veloppement de l\u2019industrie audiovisuelle. <\/p>\n\n\n\n<p class=\"has-small-font-size\" style=\"margin-top:12px\">Bilingue, elle a tiss\u00e9 des relations solides avec les acteurs cl\u00e9s du secteur. Fondatrice et pr\u00e9sidente de House of Actors, elle a cr\u00e9\u00e9 un espace d\u00e9di\u00e9 \u00e0 la formation et \u00e0 l\u2019accompagnement des artistes, favorisant l\u2019innovation et l\u2019accessibilit\u00e9. Son implication au Quebec English Production Council (QEPC) lui a permis de soutenir la rel\u00e8ve en participant \u00e0 la mise en place d\u2019un programme de stages pour les producteurs \u00e9mergents.<\/p>\n<\/div>\n<\/div>\n\n\n\n<div class=\"wp-block-columns has-tertiary-background-color has-background is-layout-flex wp-container-core-columns-is-layout-d47a2335 wp-block-columns-is-layout-flex\" style=\"border-radius:1.5rem;padding-top:1.5rem;padding-right:1.5rem;padding-bottom:1.5rem;padding-left:1.5rem\">\n<div class=\"wp-block-column is-layout-flow wp-block-column-is-layout-flow\" style=\"flex-basis:40%\">\n<figure class=\"wp-block-image size-full has-custom-border is-style-default extendify-image-import\"><img loading=\"lazy\" decoding=\"async\" width=\"1000\" height=\"1007\" src=\"https:\/\/film-ca.org\/espace-membre\/wp-content\/uploads\/2025\/03\/feber-coyote.jpg\" alt=\"\" class=\"wp-image-208\" style=\"border-radius:1.5rem;aspect-ratio:1;object-fit:cover\" srcset=\"https:\/\/film-ca.org\/espace-membre\/wp-content\/uploads\/2025\/03\/feber-coyote.jpg 1000w, https:\/\/film-ca.org\/espace-membre\/wp-content\/uploads\/2025\/03\/feber-coyote-298x300.jpg 298w, https:\/\/film-ca.org\/espace-membre\/wp-content\/uploads\/2025\/03\/feber-coyote-150x150.jpg 150w, https:\/\/film-ca.org\/espace-membre\/wp-content\/uploads\/2025\/03\/feber-coyote-768x773.jpg 768w\" sizes=\"auto, (max-width: 1000px) 100vw, 1000px\" \/><\/figure>\n<\/div>\n\n\n\n<div class=\"wp-block-column is-layout-flow wp-block-column-is-layout-flow\">\n<h4 class=\"wp-block-heading\" style=\"font-size:clamp(15.747px, 0.984rem + ((1vw - 3.2px) * 0.86), 24px);\">Fabien Pelletier<\/h4>\n\n\n\n<p class=\"has-primary-color has-text-color has-small-font-size\" style=\"margin-top:4px\">Vice-pr\u00e9sident<br>Directeur des \u00e9v\u00e9nements<\/p>\n\n\n\n<p class=\"has-small-font-size\" style=\"margin-top:12px\">Reconnu, Fabien Pelletier, alias Feber E. Coyote, est un cin\u00e9aste et auteur-compositeur-interpr\u00e8te natif de L\u00e9vis. Il a notamment r\u00e9alis\u00e9 des documentaires tels que \u00abLe R\u00eave du diable\u00bb (2014) et \u00abVoyage \u00e0 travers les contes\u00bb (2015) ainsi qu\u2019en fiction \u00abHank est en ville\u00bb (2025). En tant que musicien, Feber signe l\u2019album \u00abLe Record\u00bb en 2010 et \u00abChansons pour Hank\u00bb en 2016.<\/p>\n\n\n\n<p class=\"has-small-font-size\" style=\"margin-top:12px\">Feber est vice-pr\u00e9sident depuis 2017. Acteur culturel impliqu\u00e9 dans sa r\u00e9gion et vecteur de projets au sein de sa propre maison de production, Productions Feber, Feber a \u00e0 c\u0153ur le d\u00e9veloppement d\u2019une culture forte cin\u00e9matographique sur le territoire.<\/p>\n<\/div>\n<\/div>\n<\/div>\n\n\n\n<div class=\"wp-block-column is-layout-flow wp-container-core-column-is-layout-f5bb311e wp-block-column-is-layout-flow\">\n<div class=\"wp-block-columns has-tertiary-background-color has-background is-layout-flex wp-container-core-columns-is-layout-d47a2335 wp-block-columns-is-layout-flex\" style=\"border-radius:1.5rem;padding-top:1.5rem;padding-right:1.5rem;padding-bottom:1.5rem;padding-left:1.5rem\">\n<div class=\"wp-block-column is-layout-flow wp-block-column-is-layout-flow\" style=\"flex-basis:40%\">\n<figure class=\"wp-block-image size-large has-custom-border is-style-default extendify-image-import\"><img loading=\"lazy\" decoding=\"async\" width=\"1024\" height=\"1024\" src=\"https:\/\/film-ca.org\/espace-membre\/wp-content\/uploads\/2025\/03\/Daniel-Ferland-1024x1024.jpg\" alt=\"\" class=\"wp-image-207\" style=\"border-radius:1.5rem;aspect-ratio:1;object-fit:cover\" srcset=\"https:\/\/film-ca.org\/espace-membre\/wp-content\/uploads\/2025\/03\/Daniel-Ferland-1024x1024.jpg 1024w, https:\/\/film-ca.org\/espace-membre\/wp-content\/uploads\/2025\/03\/Daniel-Ferland-300x300.jpg 300w, https:\/\/film-ca.org\/espace-membre\/wp-content\/uploads\/2025\/03\/Daniel-Ferland-150x150.jpg 150w, https:\/\/film-ca.org\/espace-membre\/wp-content\/uploads\/2025\/03\/Daniel-Ferland-768x768.jpg 768w, https:\/\/film-ca.org\/espace-membre\/wp-content\/uploads\/2025\/03\/Daniel-Ferland.jpg 1365w\" sizes=\"auto, (max-width: 1024px) 100vw, 1024px\" \/><\/figure>\n<\/div>\n\n\n\n<div class=\"wp-block-column is-layout-flow wp-block-column-is-layout-flow\">\n<h4 class=\"wp-block-heading has-text-align-left\" style=\"font-size:clamp(15.747px, 0.984rem + ((1vw - 3.2px) * 0.86), 24px);\">Daniel Ferland<\/h4>\n\n\n\n<p class=\"has-text-align-left has-primary-color has-text-color has-small-font-size\" style=\"margin-top:4px\">Pr\u00e9sident<br>Directeur des communications<\/p>\n\n\n\n<p class=\"has-small-font-size\" style=\"margin-top:12px\">Fondateur du BCTCA, devenu FILM-CA, il a oeuvr\u00e9 en cin\u00e9ma et en t\u00e9l\u00e9vision durant 25 ans, avant de prendre une retraite anticip\u00e9e par la maladie. <\/p>\n\n\n\n<p class=\"has-small-font-size\" style=\"margin-top:12px\">Il a travaill\u00e9 dans plusieurs stations de t\u00e9l\u00e9vision comme cam\u00e9raman, monteur et r\u00e9alisateur, avant de trouver sa voie en lieux de tournages, en logistique et en coordination. Il a occup\u00e9 diff\u00e9rents postes, dans plus d&#8217;une centaine de productions, autant des petites productions locales que des productions internationales. Il a fait partie de plusieurs comit\u00e9 et conseils d&#8217;administration dans divers organismes d\u00e9di\u00e9s \u00e0 la culture. <\/p>\n<\/div>\n<\/div>\n\n\n\n<div class=\"wp-block-columns has-tertiary-background-color has-background is-layout-flex wp-container-core-columns-is-layout-d47a2335 wp-block-columns-is-layout-flex\" style=\"border-radius:1.5rem;padding-top:1.5rem;padding-right:1.5rem;padding-bottom:1.5rem;padding-left:1.5rem\">\n<div class=\"wp-block-column is-layout-flow wp-block-column-is-layout-flow\" style=\"flex-basis:40%\">\n<figure class=\"wp-block-image size-large has-custom-border is-style-default extendify-image-import\"><img loading=\"lazy\" decoding=\"async\" width=\"1024\" height=\"1024\" src=\"https:\/\/film-ca.org\/espace-membre\/wp-content\/uploads\/2025\/03\/Pier-Olivier-1024x1024.jpg\" alt=\"\" class=\"wp-image-209\" style=\"border-radius:1.5rem;aspect-ratio:1;object-fit:cover\" srcset=\"https:\/\/film-ca.org\/espace-membre\/wp-content\/uploads\/2025\/03\/Pier-Olivier-1024x1024.jpg 1024w, https:\/\/film-ca.org\/espace-membre\/wp-content\/uploads\/2025\/03\/Pier-Olivier-300x300.jpg 300w, https:\/\/film-ca.org\/espace-membre\/wp-content\/uploads\/2025\/03\/Pier-Olivier-150x150.jpg 150w, https:\/\/film-ca.org\/espace-membre\/wp-content\/uploads\/2025\/03\/Pier-Olivier-768x768.jpg 768w, https:\/\/film-ca.org\/espace-membre\/wp-content\/uploads\/2025\/03\/Pier-Olivier.jpg 1365w\" sizes=\"auto, (max-width: 1024px) 100vw, 1024px\" \/><\/figure>\n<\/div>\n\n\n\n<div class=\"wp-block-column is-layout-flow wp-block-column-is-layout-flow\">\n<h4 class=\"wp-block-heading\" style=\"font-size:clamp(15.747px, 0.984rem + ((1vw - 3.2px) * 0.86), 24px);\">Pier-Olivier Renaud<\/h4>\n\n\n\n<p class=\"has-primary-color has-text-color has-small-font-size\" style=\"margin-top:4px\">Secr\u00e9taire-tr\u00e9sorier<br>Directeur des finances<\/p>\n\n\n\n<p class=\"has-small-font-size\" style=\"margin-top:12px\">Pier-Olivier Renaud a cofond\u00e9 en 2015 un collectif de cin\u00e9astes \u00e0 L\u00e9vis nomm\u00e9 Boite d&#8217;allumettes, r\u00e9alisant diff\u00e9rents courts. Son premier documentaire \u00abSur les traces du Coyote\u00bb (2017) est ensuite diffus\u00e9 sur la cha\u00eene MAtv Qu\u00e9bec. <\/p>\n\n\n\n<p class=\"has-small-font-size\" style=\"margin-top:12px\">En 2017, il cofonde le Festival Interactif de Cin\u00e9ma de L\u00e9vis pour offrir une plateforme de diffusion aux artistes de la r\u00e9gion pendant trois ann\u00e9es cons\u00e9cutives. En 2018, il a l\u2019opportunit\u00e9 de participer au Kino \u00e0 Off-Courts Trouville en France o\u00f9 il r\u00e9alise \u00abFragments\u00bb. Finalement, il r\u00e9alise deux courts ind\u00e9pendants La bible d&#8217;une \u00abfan\u00bb (2020) et \u00abJusqu\u2019au jour\u00bb (2022) s\u00e9lectionn\u00e9s dans quelques festivals dans le monde.<\/p>\n<\/div>\n<\/div>\n<\/div>\n<\/div>\n<\/div>\n","protected":false},"excerpt":{"rendered":"<p>\u00c9quipe Plongez dans l&#8217;univers captivant du cin\u00e9ma et de la t\u00e9l\u00e9vision en Chaudi\u00e8re-Appalaches Cette section pr\u00e9sente notre engagement \u00e0 dynamiser la production audiovisuelle r\u00e9gionale, avec une vision ax\u00e9e sur l\u2019innovation, la collaboration et la mise en valeur des ressources locales. Votre \u00e9quipe pour des projets d&#8217;exception D\u00e9couvrez les talents passionn\u00e9s qui composent notre \u00e9quipe d\u00e9di\u00e9e. [&hellip;]<\/p>\n","protected":false},"author":1,"featured_media":0,"parent":0,"menu_order":0,"comment_status":"closed","ping_status":"closed","template":"no-title","meta":{"footnotes":""},"class_list":["post-36","page","type-page","status-publish","hentry"],"_links":{"self":[{"href":"https:\/\/film-ca.org\/espace-membre\/wp-json\/wp\/v2\/pages\/36","targetHints":{"allow":["GET"]}}],"collection":[{"href":"https:\/\/film-ca.org\/espace-membre\/wp-json\/wp\/v2\/pages"}],"about":[{"href":"https:\/\/film-ca.org\/espace-membre\/wp-json\/wp\/v2\/types\/page"}],"author":[{"embeddable":true,"href":"https:\/\/film-ca.org\/espace-membre\/wp-json\/wp\/v2\/users\/1"}],"replies":[{"embeddable":true,"href":"https:\/\/film-ca.org\/espace-membre\/wp-json\/wp\/v2\/comments?post=36"}],"version-history":[{"count":4,"href":"https:\/\/film-ca.org\/espace-membre\/wp-json\/wp\/v2\/pages\/36\/revisions"}],"predecessor-version":[{"id":350,"href":"https:\/\/film-ca.org\/espace-membre\/wp-json\/wp\/v2\/pages\/36\/revisions\/350"}],"wp:attachment":[{"href":"https:\/\/film-ca.org\/espace-membre\/wp-json\/wp\/v2\/media?parent=36"}],"curies":[{"name":"wp","href":"https:\/\/api.w.org\/{rel}","templated":true}]}}