{"id":378,"date":"2025-03-11T17:30:28","date_gmt":"2025-03-11T17:30:28","guid":{"rendered":"https:\/\/film-ca.org\/espace-membre\/?page_id=378"},"modified":"2025-03-11T17:32:15","modified_gmt":"2025-03-11T17:32:15","slug":"inscription-phototheque","status":"publish","type":"page","link":"https:\/\/film-ca.org\/espace-membre\/inscription-phototheque\/","title":{"rendered":"Inscription phototh\u00e8que"},"content":{"rendered":"\n<div class=\"wp-block-group alignfull has-foreground-background-color has-background has-global-padding is-layout-constrained wp-block-group-is-layout-constrained\" style=\"margin-top:0;margin-bottom:0;padding-top:0;padding-bottom:0\">\n<div class=\"wp-block-group alignwide has-global-padding is-layout-constrained wp-block-group-is-layout-constrained\" style=\"padding-top:var(--wp--preset--spacing--30);padding-bottom:var(--wp--preset--spacing--30)\">\n<h1 class=\"wp-block-heading alignwide has-background-color has-text-color\" style=\"font-size:clamp(0.875rem, 0.875rem + ((1vw - 0.2rem) * 0.625), 1.25rem);\">Inscription dans la Phototh\u00e8que de la Chaudi\u00e8re-Appalaches<\/h1>\n<\/div>\n<\/div>\n\n\n\n<div class=\"wp-block-group alignwide is-vertical is-layout-flex wp-container-core-group-is-layout-fe9cc265 wp-block-group-is-layout-flex\">\n<div class=\"wp-block-group alignwide has-global-padding is-content-justification-left is-layout-constrained wp-container-core-group-is-layout-8b4c372c wp-block-group-is-layout-constrained\">\n<h3 class=\"wp-block-heading\">La Phototh\u00e8que de la<br>Chaudi\u00e8re-Appalaches<\/h3>\n<\/div>\n<\/div>\n\n\n\n<div class=\"wp-block-group alignfull has-background-background-color has-background has-global-padding is-layout-constrained wp-container-core-group-is-layout-68d5e5bb wp-block-group-is-layout-constrained\" style=\"margin-top:0;margin-bottom:0;padding-top:var(--wp--preset--spacing--50);padding-right:var(--wp--preset--spacing--30);padding-bottom:var(--wp--preset--spacing--60);padding-left:var(--wp--preset--spacing--30)\">\n<div class=\"wp-block-columns alignwide is-layout-flex wp-container-core-columns-is-layout-28f84493 wp-block-columns-is-layout-flex\">\n<div class=\"wp-block-column is-vertically-aligned-stretch is-layout-flow wp-block-column-is-layout-flow\" style=\"flex-basis:66.66%\">\n<div class=\"wp-block-columns is-layout-flex wp-container-core-columns-is-layout-28f84493 wp-block-columns-is-layout-flex\">\n<div class=\"wp-block-column is-layout-flow wp-block-column-is-layout-flow\">\n<div class=\"wp-block-group has-tertiary-background-color has-background has-global-padding is-layout-constrained wp-container-core-group-is-layout-d299574f wp-block-group-is-layout-constrained\" style=\"border-radius:0.5rem;min-height:100%;padding-top:var(--wp--preset--spacing--30);padding-right:var(--wp--preset--spacing--30);padding-bottom:var(--wp--preset--spacing--30);padding-left:var(--wp--preset--spacing--30)\">\n<h3 class=\"wp-block-heading has-medium-font-size\" style=\"line-height:1.5\">Consultation<\/h3>\n\n\n\n<p>La consultation de la Phototh\u00e8que de Film Chaudi\u00e8re-Appalaches est r\u00e9serv\u00e9e aux responsables des lieux de tournages, ainsi que les membres de leurs \u00e9quipes.<\/p>\n\n\n\n<p>Ces personnes\u00a0peuvent nous demander les coordonn\u00e9es des propri\u00e9taires ou des gestionnaires des lieux choisis.<\/p>\n\n\n\n<p>Cette page est optimis\u00e9e pour \u00eatre consult\u00e9e sur un ordinateur ou une tablette. Il peut \u00eatre difficile de la consulter sur un cellulaire ou de petits \u00e9crans.<\/p>\n\n\n\n<h3 class=\"wp-block-heading\" style=\"font-size:clamp(14px, 0.875rem + ((1vw - 3.2px) * 0.625), 20px);line-height:1.5\">Instructions<\/h3>\n\n\n\n<p>Remplissez ce formulaire. Nous communiquerons avec vous d\u00e8s que votre fiche sera en ligne. <\/p>\n<\/div>\n<\/div>\n<\/div>\n<\/div>\n\n\n\n<div class=\"wp-block-column is-vertically-aligned-stretch is-layout-flow wp-block-column-is-layout-flow\" style=\"flex-basis:33.33%\">\n<div class=\"wp-block-group has-tertiary-background-color has-background has-global-padding is-layout-constrained wp-container-core-group-is-layout-8f6f1862 wp-block-group-is-layout-constrained\" style=\"border-radius:0.5rem;min-height:100%;margin-top:0;margin-bottom:0;padding-top:0;padding-right:0;padding-bottom:0;padding-left:0\">\n<figure class=\"wp-block-image size-full has-custom-border extendify-image-import wp-duotone-unset-1\"><img loading=\"lazy\" decoding=\"async\" width=\"1000\" height=\"700\" src=\"https:\/\/film-ca.org\/espace-membre\/wp-content\/uploads\/2025\/03\/Phototheque_logo_2021D.jpg\" alt=\"\" class=\"wp-image-117\" style=\"border-radius:0.5rem\" srcset=\"https:\/\/film-ca.org\/espace-membre\/wp-content\/uploads\/2025\/03\/Phototheque_logo_2021D.jpg 1000w, https:\/\/film-ca.org\/espace-membre\/wp-content\/uploads\/2025\/03\/Phototheque_logo_2021D-300x210.jpg 300w, https:\/\/film-ca.org\/espace-membre\/wp-content\/uploads\/2025\/03\/Phototheque_logo_2021D-768x538.jpg 768w\" sizes=\"auto, (max-width: 1000px) 100vw, 1000px\" \/><\/figure>\n<\/div>\n<\/div>\n<\/div>\n<\/div>\n\n\n\n<div class=\"wp-block-group alignfull has-foreground-background-color has-background has-global-padding is-layout-constrained wp-block-group-is-layout-constrained\" style=\"margin-top:0;margin-bottom:0;padding-top:0;padding-bottom:0\">\n<div class=\"wp-block-group alignwide has-global-padding is-layout-constrained wp-block-group-is-layout-constrained\" style=\"padding-top:var(--wp--preset--spacing--30);padding-bottom:var(--wp--preset--spacing--30)\">\n<h1 class=\"wp-block-heading alignwide has-text-align-center has-background-color has-text-color\" style=\"font-size:clamp(0.875rem, 0.875rem + ((1vw - 0.2rem) * 0.625), 1.25rem);\">ASSUREZ-VOUS D\u2019AVOIR LU ET BIEN COMPRIS NOTRE MISSION ET NOTRE OFFRE DE SERVICES. NOUS POURRONS AINSI MIEUX VOUS SERVIR.<\/h1>\n<\/div>\n<\/div>\n\n\n\n<div class=\"wp-block-group alignfull has-background-background-color has-background has-global-padding is-layout-constrained wp-container-core-group-is-layout-7276a2bb wp-block-group-is-layout-constrained\" style=\"margin-top:0;margin-bottom:0;padding-top:var(--wp--preset--spacing--60);padding-right:var(--wp--preset--spacing--30);padding-bottom:var(--wp--preset--spacing--60);padding-left:var(--wp--preset--spacing--30)\">\n<div class=\"wp-block-columns alignwide are-vertically-aligned-top is-layout-flex wp-container-core-columns-is-layout-08c01c1c wp-block-columns-is-layout-flex\">\n<div class=\"wp-block-column is-vertically-aligned-top is-layout-flow wp-block-column-is-layout-flow\">\n<center><div style=\"position:relative;overflow:hidden;width:100%;height:3000px;padding-top:500px\"><iframe title='Phototheque du BCTQ' style='position: absolute; border: 0; top:0;left:0;bottom:0;right:0;width:100%;height:100%' src='https:\/\/qftc.reel-scout.com\/loc_add.aspx' allowTransparency=\"true\"><\/iframe><\/div><\/center>\n<\/div>\n<\/div>\n<\/div>\n","protected":false},"excerpt":{"rendered":"<p>Inscription dans la Phototh\u00e8que de la Chaudi\u00e8re-Appalaches La Phototh\u00e8que de laChaudi\u00e8re-Appalaches Consultation La consultation de la Phototh\u00e8que de Film Chaudi\u00e8re-Appalaches est r\u00e9serv\u00e9e aux responsables des lieux de tournages, ainsi que les membres de leurs \u00e9quipes. Ces personnes\u00a0peuvent nous demander les coordonn\u00e9es des propri\u00e9taires ou des gestionnaires des lieux choisis. Cette page est optimis\u00e9e pour \u00eatre [&hellip;]<\/p>\n","protected":false},"author":1,"featured_media":0,"parent":0,"menu_order":0,"comment_status":"closed","ping_status":"closed","template":"","meta":{"footnotes":""},"class_list":["post-378","page","type-page","status-publish","hentry"],"_links":{"self":[{"href":"https:\/\/film-ca.org\/espace-membre\/wp-json\/wp\/v2\/pages\/378","targetHints":{"allow":["GET"]}}],"collection":[{"href":"https:\/\/film-ca.org\/espace-membre\/wp-json\/wp\/v2\/pages"}],"about":[{"href":"https:\/\/film-ca.org\/espace-membre\/wp-json\/wp\/v2\/types\/page"}],"author":[{"embeddable":true,"href":"https:\/\/film-ca.org\/espace-membre\/wp-json\/wp\/v2\/users\/1"}],"replies":[{"embeddable":true,"href":"https:\/\/film-ca.org\/espace-membre\/wp-json\/wp\/v2\/comments?post=378"}],"version-history":[{"count":5,"href":"https:\/\/film-ca.org\/espace-membre\/wp-json\/wp\/v2\/pages\/378\/revisions"}],"predecessor-version":[{"id":385,"href":"https:\/\/film-ca.org\/espace-membre\/wp-json\/wp\/v2\/pages\/378\/revisions\/385"}],"wp:attachment":[{"href":"https:\/\/film-ca.org\/espace-membre\/wp-json\/wp\/v2\/media?parent=378"}],"curies":[{"name":"wp","href":"https:\/\/api.w.org\/{rel}","templated":true}]}}