{"id":38,"date":"2025-03-07T20:13:24","date_gmt":"2025-03-07T20:13:24","guid":{"rendered":"https:\/\/film-ca.org\/espace-membre\/home\/"},"modified":"2025-03-09T01:38:44","modified_gmt":"2025-03-09T01:38:44","slug":"home","status":"publish","type":"page","link":"https:\/\/film-ca.org\/espace-membre\/","title":{"rendered":"Accueil"},"content":{"rendered":"\n<div class=\"wp-block-group alignfull has-vertical-tertiary-to-background-gradient-background has-background has-global-padding is-layout-constrained wp-block-group-is-layout-constrained\" style=\"margin-top:0;margin-bottom:0;padding-top:var(--wp--preset--spacing--60);padding-bottom:var(--wp--preset--spacing--60)\">\n<div class=\"wp-block-columns alignwide is-layout-flex wp-container-core-columns-is-layout-08c01c1c wp-block-columns-is-layout-flex\">\n<div class=\"wp-block-column is-vertically-aligned-bottom is-layout-flow wp-container-core-column-is-layout-8a368f38 wp-block-column-is-layout-flow\" style=\"flex-basis:45%\">\n<figure class=\"wp-block-image has-custom-border size-large extendify-image-import\"><img decoding=\"async\" src=\"https:\/\/images.unsplash.com\/photo-1625690303837-654c9666d2d0?ixid=M3w0MzUxNjF8MHwxfHNlYXJjaHwyfHxjaW5lbWF0b2dyYXBoeXxlbnwwfHx8fDE3MzkzMDU3NzR8MA&amp;ixlib=rb-4.0.3&amp;orientation=landscape?fit=crop&amp;crop=entropy%2Cfaces&amp;auto=format%2Ccompress&amp;w=1280\" alt=\"\" style=\"border-radius:1.5rem;aspect-ratio:1;object-fit:cover\"\/><\/figure>\n<\/div>\n\n\n\n<div class=\"wp-block-column is-vertically-aligned-center is-layout-flow wp-block-column-is-layout-flow\" style=\"flex-basis:60%\">\n<div class=\"wp-block-group has-global-padding is-layout-constrained wp-container-core-group-is-layout-7db9d80f wp-block-group-is-layout-constrained\" style=\"padding-right:0;padding-left:0\">\n<h1 class=\"wp-block-heading\">Un alli\u00e9 de choix pour vos tournages<\/h1>\n\n\n\n<p style=\"margin-top:16px\">Chez FILM-CA, nous ouvrons les portes de Chaudi\u00e8re-Appalaches \u00e0 vos productions. Avec un r\u00e9pertoire unique, des ressources expertes et une assistance compl\u00e8te, nous transformons vos id\u00e9es en images captivantes.<\/p>\n\n\n\n<div class=\"wp-block-buttons is-content-justification-left is-layout-flex wp-container-core-buttons-is-layout-ec155617 wp-block-buttons-is-layout-flex\" style=\"margin-top:var(--wp--preset--spacing--40)\">\n<div class=\"wp-block-button\"><a class=\"wp-block-button__link wp-element-button\" href=\"https:\/\/film-ca.org\/espace-membre\/a-propos\">En savoir plus<\/a><\/div>\n<\/div>\n<\/div>\n<\/div>\n<\/div>\n<\/div>\n\n\n\n<div class=\"wp-block-group alignfull has-tertiary-background-color has-background has-global-padding is-layout-constrained wp-container-core-group-is-layout-7276a2bb wp-block-group-is-layout-constrained\" id=\"about\" style=\"margin-top:0;margin-bottom:0;padding-top:var(--wp--preset--spacing--60);padding-right:var(--wp--preset--spacing--30);padding-bottom:var(--wp--preset--spacing--60);padding-left:var(--wp--preset--spacing--30)\">\n<div class=\"wp-block-columns alignwide is-layout-flex wp-container-core-columns-is-layout-47c06fe3 wp-block-columns-is-layout-flex\">\n<div class=\"wp-block-column is-layout-flow wp-container-core-column-is-layout-119bc444 wp-block-column-is-layout-flow\" style=\"flex-basis:60%\">\n<h2 class=\"wp-block-heading\">Une ressource cl\u00e9 pour vos productions <\/h2>\n\n\n\n<p class=\"has-medium-font-size\" style=\"margin-top:16px\">FILM-CA soutient la cr\u00e9ativit\u00e9 r\u00e9gionale en offrant des services sur mesure pour simplifier et enrichir chaque production, quelle que soit sa taille.<\/p>\n\n\n\n<div class=\"wp-block-buttons is-content-justification-left is-layout-flex wp-container-core-buttons-is-layout-fc4fd283 wp-block-buttons-is-layout-flex\">\n<div class=\"wp-block-button is-style-outline is-style-outline--1\"><a class=\"wp-block-button__link wp-element-button\" href=\"https:\/\/film-ca.org\/espace-membre\/services\">D\u00e9couvrir nos services<\/a><\/div>\n<\/div>\n<\/div>\n\n\n\n<div class=\"wp-block-column is-vertically-aligned-top is-layout-flow wp-container-core-column-is-layout-f5bb311e wp-block-column-is-layout-flow\" style=\"flex-basis:50%\">\n<figure class=\"wp-block-image has-custom-border extendify-image-import\"><img decoding=\"async\" src=\"https:\/\/images.unsplash.com\/photo-1515634928627-2a4e0dae3ddf?ixid=M3w0MzUxNjF8MHwxfHNlYXJjaHwxN3x8ZmlsbSUyMHByb2R1Y3Rpb258ZW58MHx8fHwxNzM5Mjg0NTI1fDA&amp;ixlib=rb-4.0.3&amp;orientation=landscape?fit=crop&amp;crop=entropy%2Cfaces&amp;auto=format%2Ccompress&amp;w=1280\" alt=\"\" style=\"border-radius:1.5rem;aspect-ratio:1;object-fit:cover\"\/><\/figure>\n<\/div>\n<\/div>\n<\/div>\n\n\n\n<div class=\"wp-block-group alignfull has-background-background-color has-background has-global-padding is-layout-constrained wp-container-core-group-is-layout-68d5e5bb wp-block-group-is-layout-constrained\" id=\"features\" style=\"margin-top:0;margin-bottom:0;padding-top:var(--wp--preset--spacing--50);padding-right:var(--wp--preset--spacing--30);padding-bottom:var(--wp--preset--spacing--60);padding-left:var(--wp--preset--spacing--30)\">\n<div class=\"wp-block-group alignwide is-vertical is-layout-flex wp-container-core-group-is-layout-fe9cc265 wp-block-group-is-layout-flex\">\n<div class=\"wp-block-group alignwide has-global-padding is-content-justification-left is-layout-constrained wp-container-core-group-is-layout-12dd3699 wp-block-group-is-layout-constrained\">\n<h2 class=\"wp-block-heading has-large-font-size\" style=\"margin-top:12px\">Explorez nos r\u00e9pertoires de lieux de tournages et de ressources<\/h2>\n\n\n\n<p style=\"margin-top:16px\">D\u00e9couvrez les solutions cl\u00e9s que nous proposons pour vos projets.<\/p>\n<\/div>\n<\/div>\n\n\n\n<div class=\"wp-block-columns alignwide is-layout-flex wp-container-core-columns-is-layout-28f84493 wp-block-columns-is-layout-flex\">\n<div class=\"wp-block-column is-vertically-aligned-stretch is-layout-flow wp-block-column-is-layout-flow\" style=\"flex-basis:66.66%\">\n<div class=\"wp-block-columns is-layout-flex wp-container-core-columns-is-layout-28f84493 wp-block-columns-is-layout-flex\">\n<div class=\"wp-block-column is-layout-flow wp-block-column-is-layout-flow\">\n<div class=\"wp-block-group has-tertiary-background-color has-background has-global-padding is-layout-constrained wp-container-core-group-is-layout-d299574f wp-block-group-is-layout-constrained\" style=\"border-radius:0.5rem;min-height:100%;padding-top:var(--wp--preset--spacing--30);padding-right:var(--wp--preset--spacing--30);padding-bottom:var(--wp--preset--spacing--30);padding-left:var(--wp--preset--spacing--30)\">\n<figure class=\"wp-block-image size-large ext-aspect-landscape extendify-image-import wp-duotone-primary-foreground\"><img decoding=\"async\" src=\"data:image\/svg+xml;base64,PHN2ZyB4bWxucz0iaHR0cDovL3d3dy53My5vcmcvMjAwMC9zdmciIHdpZHRoPSI0OCIgaGVpZ2h0PSI0OCIgZmlsbD0ibm9uZSIgdmlld0JveD0iMCAwIDQ4IDQ4Ij48bWFzayBpZD0iYSIgd2lkdGg9IjQ4IiBoZWlnaHQ9IjQ4IiB4PSIwIiB5PSIwIiBtYXNrVW5pdHM9InVzZXJTcGFjZU9uVXNlIiBzdHlsZT0ibWFzay10eXBlOmFscGhhIj48cGF0aCBmaWxsPSIjRDlEOUQ5IiBkPSJNMCAwaDQ4djQ4SDB6Ii8+PC9tYXNrPjxnIG1hc2s9InVybCgjYSkiPjxwYXRoIGZpbGw9IiMxQzFCMUYiIGQ9Ik0yNCA0NGMtMi44MzMgMC01LjQ2Ny0uNTA4LTcuOS0xLjUyNS0yLjQzMy0xLjAxNy00LjU1LTIuNDI1LTYuMzUtNC4yMjUtMS44LTEuOC0zLjIwOC0zLjkxNy00LjIyNS02LjM1QzQuNTA4IDI5LjQ2NyA0IDI2LjgzMyA0IDI0YzAtMi44LjUwOC01LjQxNyAxLjUyNS03Ljg1UzcuOTUgMTEuNiA5Ljc1IDkuOGMxLjgtMS44IDMuOTE3LTMuMjE3IDYuMzUtNC4yNVMyMS4xNjcgNCAyNCA0YzIuNSAwIDQuODMzLjQgNyAxLjIgMi4xNjcuOCA0LjExNyAxLjkgNS44NSAzLjNsLTIuMTUgMi4xNWExNi43MzIgMTYuNzMyIDAgMCAwLTQuOS0yLjdDMjggNy4zMTcgMjYuMDY3IDcgMjQgN2MtNC44MzMgMC04Ljg3NSAxLjYyNS0xMi4xMjUgNC44NzVTNyAxOS4xNjcgNyAyNHMxLjYyNSA4Ljg3NSA0Ljg3NSAxMi4xMjVTMTkuMTY3IDQxIDI0IDQxczguODc1LTEuNjI1IDEyLjEyNS00Ljg3NVM0MSAyOC44MzMgNDEgMjRjMC0xLS4wNzUtMS45NzUtLjIyNS0yLjkyNS0uMTUtLjk1LS4zNzUtMS44NzUtLjY3NS0yLjc3NWwyLjMtMi4zYTE5LjEyMiAxOS4xMjIgMCAwIDEgMS4yIDMuODVjLjI2NyAxLjMzMy40IDIuNzE3LjQgNC4xNSAwIDIuODMzLS41MTcgNS40NjctMS41NSA3LjktMS4wMzMgMi40MzMtMi40NSA0LjU1LTQuMjUgNi4zNS0xLjggMS44LTMuOTE3IDMuMjA4LTYuMzUgNC4yMjVDMjkuNDE3IDQzLjQ5MiAyNi44IDQ0IDI0IDQ0Wm0tMi45NS0xMC45LTguMjUtOC4zIDIuMjUtMi4yNSA2IDYgMjAuNy0yMC43IDIuMyAyLjI1LTIzIDIzWiIvPjwvZz48L3N2Zz4=\" alt=\"\" style=\"object-fit:cover\"\/><\/figure>\n\n\n\n<h3 class=\"wp-block-heading has-medium-font-size\" style=\"line-height:1.5\">Assistance Locale<\/h3>\n\n\n\n<p class=\"has-small-font-size\" style=\"margin-top:8px\">Nous vous aidons \u00e0 identifier les lieux parfaits pour vos tournages.<\/p>\n<\/div>\n<\/div>\n\n\n\n<div class=\"wp-block-column is-layout-flow wp-block-column-is-layout-flow\">\n<div class=\"wp-block-group has-tertiary-background-color has-background has-global-padding is-layout-constrained wp-container-core-group-is-layout-d299574f wp-block-group-is-layout-constrained\" style=\"border-radius:0.5rem;min-height:100%;padding-top:var(--wp--preset--spacing--30);padding-right:var(--wp--preset--spacing--30);padding-bottom:var(--wp--preset--spacing--30);padding-left:var(--wp--preset--spacing--30)\">\n<figure class=\"wp-block-image size-large ext-aspect-landscape extendify-image-import wp-duotone-primary-foreground\"><img decoding=\"async\" src=\"data:image\/svg+xml;base64,PHN2ZyB4bWxucz0iaHR0cDovL3d3dy53My5vcmcvMjAwMC9zdmciIHdpZHRoPSI0OCIgaGVpZ2h0PSI0OCIgZmlsbD0ibm9uZSIgdmlld0JveD0iMCAwIDQ4IDQ4Ij48bWFzayBpZD0iYSIgd2lkdGg9IjQ4IiBoZWlnaHQ9IjQ4IiB4PSIwIiB5PSIwIiBtYXNrVW5pdHM9InVzZXJTcGFjZU9uVXNlIiBzdHlsZT0ibWFzay10eXBlOmFscGhhIj48cGF0aCBmaWxsPSIjRDlEOUQ5IiBkPSJNMCAwaDQ4djQ4SDB6Ii8+PC9tYXNrPjxnIG1hc2s9InVybCgjYSkiPjxwYXRoIGZpbGw9IiMxQzFCMUYiIGQ9Ik0yNCA0NGMtMi44MzMgMC01LjQ2Ny0uNTA4LTcuOS0xLjUyNS0yLjQzMy0xLjAxNy00LjU1LTIuNDI1LTYuMzUtNC4yMjUtMS44LTEuOC0zLjIwOC0zLjkxNy00LjIyNS02LjM1QzQuNTA4IDI5LjQ2NyA0IDI2LjgzMyA0IDI0YzAtMi44LjUwOC01LjQxNyAxLjUyNS03Ljg1UzcuOTUgMTEuNiA5Ljc1IDkuOGMxLjgtMS44IDMuOTE3LTMuMjE3IDYuMzUtNC4yNVMyMS4xNjcgNCAyNCA0YzIuNSAwIDQuODMzLjQgNyAxLjIgMi4xNjcuOCA0LjExNyAxLjkgNS44NSAzLjNsLTIuMTUgMi4xNWExNi43MzIgMTYuNzMyIDAgMCAwLTQuOS0yLjdDMjggNy4zMTcgMjYuMDY3IDcgMjQgN2MtNC44MzMgMC04Ljg3NSAxLjYyNS0xMi4xMjUgNC44NzVTNyAxOS4xNjcgNyAyNHMxLjYyNSA4Ljg3NSA0Ljg3NSAxMi4xMjVTMTkuMTY3IDQxIDI0IDQxczguODc1LTEuNjI1IDEyLjEyNS00Ljg3NVM0MSAyOC44MzMgNDEgMjRjMC0xLS4wNzUtMS45NzUtLjIyNS0yLjkyNS0uMTUtLjk1LS4zNzUtMS44NzUtLjY3NS0yLjc3NWwyLjMtMi4zYTE5LjEyMiAxOS4xMjIgMCAwIDEgMS4yIDMuODVjLjI2NyAxLjMzMy40IDIuNzE3LjQgNC4xNSAwIDIuODMzLS41MTcgNS40NjctMS41NSA3LjktMS4wMzMgMi40MzMtMi40NSA0LjU1LTQuMjUgNi4zNS0xLjggMS44LTMuOTE3IDMuMjA4LTYuMzUgNC4yMjVDMjkuNDE3IDQzLjQ5MiAyNi44IDQ0IDI0IDQ0Wm0tMi45NS0xMC45LTguMjUtOC4zIDIuMjUtMi4yNSA2IDYgMjAuNy0yMC43IDIuMyAyLjI1LTIzIDIzWiIvPjwvZz48L3N2Zz4=\" alt=\"\" style=\"object-fit:cover\"\/><\/figure>\n\n\n\n<h3 class=\"wp-block-heading has-medium-font-size\" style=\"line-height:1.5\">Ressources Techniques<\/h3>\n\n\n\n<p class=\"has-small-font-size\" style=\"margin-top:8px\">Acc\u00e9dez \u00e0 notre catalogue d&#8217;\u00e9quipements modernes et de techniciens qualifi\u00e9s.<\/p>\n<\/div>\n<\/div>\n<\/div>\n\n\n\n<div class=\"wp-block-columns are-vertically-aligned-center has-tertiary-background-color has-background is-layout-flex wp-container-core-columns-is-layout-7ee115f0 wp-block-columns-is-layout-flex\" style=\"border-radius:0.5rem;padding-top:0;padding-right:0;padding-bottom:0;padding-left:0\">\n<div class=\"wp-block-column is-vertically-aligned-center is-layout-flow wp-block-column-is-layout-flow\">\n<figure class=\"wp-block-image has-custom-border extendify-image-import\"><img decoding=\"async\" src=\"https:\/\/images.unsplash.com\/photo-1471341971476-ae15ff5dd4ea?ixid=M3w0MzUxNjF8MHwxfHNlYXJjaHw1fHxmaWxtJTIwcHJvZHVjdGlvbnxlbnwwfHx8fDE3MzkyODQ1MjV8MA&amp;ixlib=rb-4.0.3&amp;orientation=landscape?fit=crop&amp;crop=entropy%2Cfaces&amp;auto=format%2Ccompress&amp;w=1280\" alt=\"\" style=\"border-radius:0.5rem;aspect-ratio:16\/9;object-fit:cover\"\/><\/figure>\n<\/div>\n\n\n\n<div class=\"wp-block-column is-vertically-aligned-center is-layout-flow wp-block-column-is-layout-flow\">\n<div class=\"wp-block-group has-global-padding is-layout-constrained wp-container-core-group-is-layout-a35945ca wp-block-group-is-layout-constrained\" style=\"border-radius:0.5rem;padding-top:var(--wp--preset--spacing--30);padding-right:var(--wp--preset--spacing--30);padding-bottom:var(--wp--preset--spacing--30);padding-left:var(--wp--preset--spacing--30)\">\n<h3 class=\"wp-block-heading has-medium-font-size\" style=\"line-height:1.5\">Support Cr\u00e9atif<\/h3>\n\n\n\n<p class=\"has-small-font-size\" style=\"margin-top:8px\">Profitez de conseils sur-mesure pour concr\u00e9tiser vos id\u00e9es avec un impact visuel fort.<\/p>\n<\/div>\n<\/div>\n<\/div>\n<\/div>\n\n\n\n<div class=\"wp-block-column is-vertically-aligned-stretch is-layout-flow wp-block-column-is-layout-flow\" style=\"flex-basis:33.33%\">\n<div class=\"wp-block-group has-tertiary-background-color has-background has-global-padding is-layout-constrained wp-container-core-group-is-layout-8f6f1862 wp-block-group-is-layout-constrained\" style=\"border-radius:0.5rem;min-height:100%;margin-top:0;margin-bottom:0;padding-top:0;padding-right:0;padding-bottom:0;padding-left:0\">\n<figure class=\"wp-block-image has-custom-border extendify-image-import wp-duotone-unset-2\"><img decoding=\"async\" src=\"https:\/\/images.unsplash.com\/photo-1512025316832-8658f04f8a83?ixid=M3w0MzUxNjF8MHwxfHNlYXJjaHwzfHxjaW5lbWF0b2dyYXBoeXxlbnwwfHx8fDE3MzkzMDU3NzR8MA&amp;ixlib=rb-4.0.3&amp;orientation=landscape?fit=crop&amp;crop=entropy%2Cfaces&amp;auto=format%2Ccompress&amp;w=1280\" alt=\"\" style=\"border-radius:0.5rem\"\/><\/figure>\n\n\n\n<div class=\"wp-block-group has-global-padding is-layout-constrained wp-container-core-group-is-layout-80fb368b wp-block-group-is-layout-constrained\" style=\"padding-top:var(--wp--preset--spacing--30);padding-right:var(--wp--preset--spacing--30);padding-bottom:var(--wp--preset--spacing--30);padding-left:var(--wp--preset--spacing--30)\">\n<h3 class=\"wp-block-heading has-medium-font-size\" style=\"line-height:1.5\">R\u00e9seau Local<\/h3>\n\n\n\n<p class=\"has-small-font-size\" style=\"margin-top:8px\">Connectez-vous avec notre r\u00e9seau de talents locaux et de partenaires fiables.<\/p>\n<\/div>\n<\/div>\n<\/div>\n<\/div>\n<\/div>\n\n\n\n<div class=\"wp-block-group alignfull has-tertiary-background-color has-background has-global-padding is-layout-constrained wp-container-core-group-is-layout-254d6575 wp-block-group-is-layout-constrained\" id=\"testimonials\" style=\"margin-top:0;margin-bottom:0;padding-top:var(--wp--preset--spacing--60);padding-right:var(--wp--preset--spacing--30);padding-bottom:var(--wp--preset--spacing--60);padding-left:var(--wp--preset--spacing--30)\">\n<div class=\"wp-block-group alignwide has-global-padding is-content-justification-center is-layout-constrained wp-block-group-is-layout-constrained\" style=\"margin-bottom:var(--wp--preset--spacing--50)\">\n<h1 class=\"wp-block-heading has-text-align-center\">Chaudi\u00e8re-Appalaches<br>votre toile de fond id\u00e9ale pour chaque production<\/h1>\n<\/div>\n\n\n\n<div class=\"wp-block-columns alignwide is-layout-flex wp-container-core-columns-is-layout-28f84493 wp-block-columns-is-layout-flex\">\n<div class=\"wp-block-column is-vertically-aligned-stretch is-layout-flow wp-block-column-is-layout-flow\" style=\"flex-basis:33.33%\"><\/div>\n<\/div>\n<\/div>\n\n\n\n<div class=\"wp-block-group alignfull has-background-background-color has-background has-global-padding is-layout-constrained wp-container-core-group-is-layout-7276a2bb wp-block-group-is-layout-constrained\" id=\"services\" style=\"margin-top:0;margin-bottom:0;padding-top:var(--wp--preset--spacing--60);padding-right:var(--wp--preset--spacing--30);padding-bottom:var(--wp--preset--spacing--60);padding-left:var(--wp--preset--spacing--30)\">\n<div class=\"wp-block-group alignwide has-global-padding is-content-justification-center is-layout-constrained wp-block-group-is-layout-constrained\">\n<h2 class=\"wp-block-heading has-text-align-center\">Un accompagnement expert pour des productions r\u00e9ussies<\/h2>\n\n\n\n<p class=\"has-text-align-center has-medium-font-size\" style=\"margin-top:16px\">D\u00e9couvrez la diversit\u00e9 de nos paysages et de nos services, con\u00e7us pour garantir votre satisfaction et des r\u00e9sultats exceptionnels.<\/p>\n<\/div>\n\n\n\n<div class=\"wp-block-columns alignwide is-layout-flex wp-container-core-columns-is-layout-5b525043 wp-block-columns-is-layout-flex\">\n<div class=\"wp-block-column is-layout-flow wp-block-column-is-layout-flow\">\n<div class=\"wp-block-group has-tertiary-background-color has-background has-global-padding is-layout-constrained wp-container-core-group-is-layout-13e450dc wp-block-group-is-layout-constrained\" style=\"border-radius:1.5rem;padding-top:2rem;padding-right:1.5rem;padding-bottom:2rem;padding-left:1.5rem\">\n<h3 class=\"wp-block-heading has-text-align-center\" style=\"font-size:clamp(18.959px, 1.185rem + ((1vw - 3.2px) * 1.15), 30px);line-height:1.5\"><a href=\"https:\/\/film-ca.org\/espace-membre\/services\/\" title=\"\">Phototh\u00e8que<\/a><\/h3>\n\n\n\n<p class=\"has-text-align-center has-small-font-size\" style=\"margin-top:8px;margin-bottom:var(--wp--preset--spacing--30)\">Trouvez les lieux parfaits pour vos tournages.<\/p>\n<\/div>\n<\/div>\n\n\n\n<div class=\"wp-block-column is-layout-flow wp-block-column-is-layout-flow\">\n<div class=\"wp-block-group has-tertiary-background-color has-background has-global-padding is-layout-constrained wp-container-core-group-is-layout-13e450dc wp-block-group-is-layout-constrained\" style=\"border-radius:1.5rem;padding-top:2rem;padding-right:1.5rem;padding-bottom:2rem;padding-left:1.5rem\">\n<h3 class=\"wp-block-heading has-text-align-center\" style=\"font-size:clamp(18.959px, 1.185rem + ((1vw - 3.2px) * 1.15), 30px);line-height:1.5\"><a href=\"https:\/\/film-ca.org\/espace-membre\/services\/\" title=\"\">Support aux productions<\/a><\/h3>\n\n\n\n<p class=\"has-text-align-center has-small-font-size\" style=\"margin-top:8px;margin-bottom:var(--wp--preset--spacing--30)\">Profitez de notre collaboration.<\/p>\n<\/div>\n<\/div>\n\n\n\n<div class=\"wp-block-column is-layout-flow wp-block-column-is-layout-flow\">\n<div class=\"wp-block-group has-tertiary-background-color has-background has-global-padding is-layout-constrained wp-container-core-group-is-layout-13e450dc wp-block-group-is-layout-constrained\" style=\"border-radius:1.5rem;padding-top:2rem;padding-right:1.5rem;padding-bottom:2rem;padding-left:1.5rem\">\n<h3 class=\"wp-block-heading has-text-align-center\" style=\"font-size:clamp(18.959px, 1.185rem + ((1vw - 3.2px) * 1.15), 30px);line-height:1.5\"><a href=\"https:\/\/film-ca.org\/espace-membre\/services\/\" title=\"Cin\u00e9-Ressources\">Cin\u00e9-Ressources<\/a><\/h3>\n\n\n\n<p class=\"has-text-align-center has-small-font-size\" style=\"margin-top:8px;margin-bottom:var(--wp--preset--spacing--30)\">Acc\u00e9dez \u00e0 notre r\u00e9pertoire.<\/p>\n<\/div>\n<\/div>\n<\/div>\n<\/div>\n\n\n\n<div class=\"wp-block-group alignfull has-tertiary-background-color has-background has-global-padding is-layout-constrained wp-block-group-is-layout-constrained\" style=\"margin-top:0;margin-bottom:0;padding-top:var(--wp--preset--spacing--60);padding-bottom:var(--wp--preset--spacing--60)\">\n<div class=\"wp-block-columns alignwide are-vertically-aligned-center has-background-background-color has-background is-layout-flex wp-container-core-columns-is-layout-55a977bd wp-block-columns-is-layout-flex\" style=\"border-radius:1.5rem;padding-top:var(--wp--preset--spacing--40);padding-right:var(--wp--preset--spacing--40);padding-bottom:var(--wp--preset--spacing--40);padding-left:var(--wp--preset--spacing--40)\">\n<div class=\"wp-block-column is-vertically-aligned-center is-layout-flow wp-block-column-is-layout-flow\" style=\"flex-basis:40%\">\n<figure class=\"wp-block-image size-full has-custom-border extendify-image-import\"><img loading=\"lazy\" decoding=\"async\" width=\"512\" height=\"512\" src=\"https:\/\/film-ca.org\/espace-membre\/wp-content\/uploads\/2025\/03\/cropped-FILM-CA-carre-org.png\" alt=\"\" class=\"wp-image-83\" style=\"border-radius:1.5rem;aspect-ratio:1;object-fit:cover\" srcset=\"https:\/\/film-ca.org\/espace-membre\/wp-content\/uploads\/2025\/03\/cropped-FILM-CA-carre-org.png 512w, https:\/\/film-ca.org\/espace-membre\/wp-content\/uploads\/2025\/03\/cropped-FILM-CA-carre-org-300x300.png 300w, https:\/\/film-ca.org\/espace-membre\/wp-content\/uploads\/2025\/03\/cropped-FILM-CA-carre-org-150x150.png 150w, https:\/\/film-ca.org\/espace-membre\/wp-content\/uploads\/2025\/03\/cropped-FILM-CA-carre-org-100x100.png 100w, https:\/\/film-ca.org\/espace-membre\/wp-content\/uploads\/2025\/03\/cropped-FILM-CA-carre-org-270x270.png 270w, https:\/\/film-ca.org\/espace-membre\/wp-content\/uploads\/2025\/03\/cropped-FILM-CA-carre-org-192x192.png 192w, https:\/\/film-ca.org\/espace-membre\/wp-content\/uploads\/2025\/03\/cropped-FILM-CA-carre-org-180x180.png 180w, https:\/\/film-ca.org\/espace-membre\/wp-content\/uploads\/2025\/03\/cropped-FILM-CA-carre-org-32x32.png 32w\" sizes=\"auto, (max-width: 512px) 100vw, 512px\" \/><\/figure>\n<\/div>\n\n\n\n<div class=\"wp-block-column is-vertically-aligned-center is-layout-flow wp-block-column-is-layout-flow\" style=\"flex-basis:50%\">\n<div class=\"wp-block-group has-global-padding is-content-justification-left is-layout-constrained wp-container-core-group-is-layout-cdff7eec wp-block-group-is-layout-constrained\" style=\"padding-top:var(--wp--preset--spacing--30);padding-right:0;padding-bottom:var(--wp--preset--spacing--30);padding-left:0\">\n<h2 class=\"wp-block-heading\" style=\"margin-top:12px\">Des d\u00e9cors exceptionnels adapt\u00e9s \u00e0 vos projets<\/h2>\n\n\n\n<p class=\"has-medium-font-size\" style=\"margin-top:16px\">D\u00e9couvrez comment FILM-CA peut transformer vos id\u00e9es en r\u00e9alit\u00e9. Inscrivez-vous et explorez nos services.<\/p>\n\n\n\n<div class=\"wp-block-buttons is-layout-flex wp-container-core-buttons-is-layout-12dcd427 wp-block-buttons-is-layout-flex\" style=\"margin-top:var(--wp--preset--spacing--40)\">\n<div class=\"wp-block-button\"><a class=\"wp-block-button__link wp-element-button\" href=\"https:\/\/film-ca.org\/espace-membre\/espace-membre\/\">En savoir plus<\/a><\/div>\n<\/div>\n<\/div>\n<\/div>\n<\/div>\n<\/div>\n","protected":false},"excerpt":{"rendered":"<p>Un alli\u00e9 de choix pour vos tournages Chez FILM-CA, nous ouvrons les portes de Chaudi\u00e8re-Appalaches \u00e0 vos productions. Avec un r\u00e9pertoire unique, des ressources expertes et une assistance compl\u00e8te, nous transformons vos id\u00e9es en images captivantes. Une ressource cl\u00e9 pour vos productions FILM-CA soutient la cr\u00e9ativit\u00e9 r\u00e9gionale en offrant des services sur mesure pour simplifier [&hellip;]<\/p>\n","protected":false},"author":1,"featured_media":0,"parent":0,"menu_order":0,"comment_status":"closed","ping_status":"closed","template":"no-title","meta":{"footnotes":""},"class_list":["post-38","page","type-page","status-publish","hentry"],"_links":{"self":[{"href":"https:\/\/film-ca.org\/espace-membre\/wp-json\/wp\/v2\/pages\/38","targetHints":{"allow":["GET"]}}],"collection":[{"href":"https:\/\/film-ca.org\/espace-membre\/wp-json\/wp\/v2\/pages"}],"about":[{"href":"https:\/\/film-ca.org\/espace-membre\/wp-json\/wp\/v2\/types\/page"}],"author":[{"embeddable":true,"href":"https:\/\/film-ca.org\/espace-membre\/wp-json\/wp\/v2\/users\/1"}],"replies":[{"embeddable":true,"href":"https:\/\/film-ca.org\/espace-membre\/wp-json\/wp\/v2\/comments?post=38"}],"version-history":[{"count":7,"href":"https:\/\/film-ca.org\/espace-membre\/wp-json\/wp\/v2\/pages\/38\/revisions"}],"predecessor-version":[{"id":285,"href":"https:\/\/film-ca.org\/espace-membre\/wp-json\/wp\/v2\/pages\/38\/revisions\/285"}],"wp:attachment":[{"href":"https:\/\/film-ca.org\/espace-membre\/wp-json\/wp\/v2\/media?parent=38"}],"curies":[{"name":"wp","href":"https:\/\/api.w.org\/{rel}","templated":true}]}}